{"id":955,"date":"2024-09-04T15:44:57","date_gmt":"2024-09-04T15:44:57","guid":{"rendered":"https:\/\/imagenesgeograficas.com\/new\/?page_id=955"},"modified":"2024-09-04T17:45:29","modified_gmt":"2024-09-04T17:45:29","slug":"precisely","status":"publish","type":"page","link":"https:\/\/imagenesgeograficas.com\/new\/precisely\/","title":{"rendered":"Precisely"},"content":{"rendered":"<p>[et_pb_section fb_built=&#8221;1&#8243; admin_label=&#8221;section&#8221; _builder_version=&#8221;4.27.0&#8243; background_image=&#8221;https:\/\/imagenesgeograficas.com\/new\/wp-content\/uploads\/2024\/09\/back.jpg&#8221; parallax=&#8221;on&#8221; parallax_method=&#8221;off&#8221; hover_enabled=&#8221;0&#8243; global_colors_info=&#8221;{}&#8221; theme_builder_area=&#8221;post_content&#8221; title_text=&#8221;back&#8221; sticky_enabled=&#8221;0&#8243;][et_pb_row _builder_version=&#8221;4.16&#8243; _module_preset=&#8221;default&#8221; global_colors_info=&#8221;{}&#8221; theme_builder_area=&#8221;post_content&#8221;][et_pb_column type=&#8221;4_4&#8243; _builder_version=&#8221;4.16&#8243; _module_preset=&#8221;default&#8221; global_colors_info=&#8221;{}&#8221; theme_builder_area=&#8221;post_content&#8221;][et_pb_text _builder_version=&#8221;4.27.0&#8243; _module_preset=&#8221;default&#8221; header_font=&#8221;|600||on|||||&#8221; header_text_color=&#8221;#ffffff&#8221; header_font_size=&#8221;22px&#8221; hover_enabled=&#8221;0&#8243; header_font_size_tablet=&#8221;&#8221; header_font_size_phone=&#8221;25px&#8221; header_font_size_last_edited=&#8221;on|phone&#8221; global_colors_info=&#8221;{}&#8221; theme_builder_area=&#8221;post_content&#8221; sticky_enabled=&#8221;0&#8243;]<\/p>\n<h1>Precisely<\/h1>\n<p>[\/et_pb_text][et_pb_text _builder_version=&#8221;4.27.0&#8243; _module_preset=&#8221;default&#8221; text_text_color=&#8221;#ffffff&#8221; text_font_size=&#8221;18px&#8221; header_font=&#8221;|700|||||||&#8221; header_text_color=&#8221;#ffffff&#8221; header_font_size=&#8221;35px&#8221; header_2_text_color=&#8221;#ffffff&#8221; hover_enabled=&#8221;0&#8243; global_colors_info=&#8221;{}&#8221; theme_builder_area=&#8221;post_content&#8221; sticky_enabled=&#8221;0&#8243;]<\/p>\n<h1>Evoluci\u00f3n de la Experiencia al Ciudadano<\/h1>\n<p>L\u00edder del mercado en soluciones integrales de interacci\u00f3n con el cliente totalmente integradas. Precisely pone en pr\u00e1ctica la integridad de los datos para crear interacciones altamente relevantes y fluidas con los clientes.[\/et_pb_text][et_pb_text _builder_version=&#8221;4.27.0&#8243; _module_preset=&#8221;default&#8221; text_text_color=&#8221;#ffffff&#8221; text_font_size=&#8221;18px&#8221; header_font=&#8221;|700|||||||&#8221; header_text_color=&#8221;#ffffff&#8221; header_font_size=&#8221;35px&#8221; header_2_text_color=&#8221;#ffffff&#8221; hover_enabled=&#8221;0&#8243; global_colors_info=&#8221;{}&#8221; theme_builder_area=&#8221;post_content&#8221; sticky_enabled=&#8221;0&#8243; header_text_align=&#8221;center&#8221; custom_margin=&#8221;||||false|false&#8221; custom_padding=&#8221;50px||||false|false&#8221;]<\/p>\n<h1>Precisely soluciones de integridad de datos<\/h1>\n<p>[\/et_pb_text][\/et_pb_column][\/et_pb_row][et_pb_row column_structure=&#8221;1_5,1_5,1_5,1_5,1_5&#8243; _builder_version=&#8221;4.27.0&#8243; _module_preset=&#8221;default&#8221; background_color=&#8221;rgba(255,255,255,0.83)&#8221; custom_padding=&#8221;30px|30px|30px|30px|false|false&#8221; hover_enabled=&#8221;0&#8243; border_radii=&#8221;off|30px|30px|30px|30px&#8221; global_colors_info=&#8221;{}&#8221; theme_builder_area=&#8221;post_content&#8221; sticky_enabled=&#8221;0&#8243;][et_pb_column type=&#8221;1_5&#8243; _builder_version=&#8221;4.16&#8243; _module_preset=&#8221;default&#8221; global_colors_info=&#8221;{}&#8221; theme_builder_area=&#8221;post_content&#8221;][et_pb_text _builder_version=&#8221;4.27.0&#8243; _module_preset=&#8221;default&#8221; hover_enabled=&#8221;0&#8243; global_colors_info=&#8221;{}&#8221; theme_builder_area=&#8221;post_content&#8221; sticky_enabled=&#8221;0&#8243;]<\/p>\n<h2><strong>Integrar<\/strong><\/h2>\n<ul>\n<li>Cambiar captura de datos<\/li>\n<li>ETL<\/li>\n<li>Integraci\u00f3n de datos de la m\u00e1quina<\/li>\n<li>Automatizaci\u00f3n de procesos<\/li>\n<\/ul>\n<p>[\/et_pb_text][\/et_pb_column][et_pb_column type=&#8221;1_5&#8243; _builder_version=&#8221;4.16&#8243; _module_preset=&#8221;default&#8221; global_colors_info=&#8221;{}&#8221; theme_builder_area=&#8221;post_content&#8221;][et_pb_text _builder_version=&#8221;4.27.0&#8243; _module_preset=&#8221;default&#8221; hover_enabled=&#8221;0&#8243; global_colors_info=&#8221;{}&#8221; theme_builder_area=&#8221;post_content&#8221; sticky_enabled=&#8221;0&#8243;]<\/p>\n<h2><strong>Verificar<\/strong><\/h2>\n<ul>\n<li>Gobernanza de datos<\/li>\n<li>Cat\u00e1logo de datos<\/li>\n<li>Calidad de datos<\/li>\n<li>Observabilidad de datos<\/li>\n<li>Observabilidad de datos<\/li>\n<li>Gesti\u00f3n de datos maestros<\/li>\n<\/ul>\n<p>[\/et_pb_text][\/et_pb_column][et_pb_column type=&#8221;1_5&#8243; _builder_version=&#8221;4.16&#8243; _module_preset=&#8221;default&#8221; global_colors_info=&#8221;{}&#8221; theme_builder_area=&#8221;post_content&#8221;][et_pb_text _builder_version=&#8221;4.27.0&#8243; _module_preset=&#8221;default&#8221; hover_enabled=&#8221;0&#8243; global_colors_info=&#8221;{}&#8221; theme_builder_area=&#8221;post_content&#8221; sticky_enabled=&#8221;0&#8243;]<\/p>\n<h2><strong>Localizar<\/strong><\/h2>\n<ul>\n<li>Direccionamiento geogr\u00e1fico<\/li>\n<li>An\u00e1lisis espacial<\/li>\n<li>Visualizaci\u00f3n espacial<\/li>\n<li>Mapeo de escritorio<\/li>\n<\/ul>\n<p>[\/et_pb_text][\/et_pb_column][et_pb_column type=&#8221;1_5&#8243; _builder_version=&#8221;4.16&#8243; _module_preset=&#8221;default&#8221; global_colors_info=&#8221;{}&#8221; theme_builder_area=&#8221;post_content&#8221;][et_pb_text _builder_version=&#8221;4.27.0&#8243; _module_preset=&#8221;default&#8221; hover_enabled=&#8221;0&#8243; global_colors_info=&#8221;{}&#8221; theme_builder_area=&#8221;post_content&#8221; sticky_enabled=&#8221;0&#8243;]<\/p>\n<h2><strong>Enriquecer<\/strong><\/h2>\n<ul>\n<li>Datos de calle y direcci\u00f3n<\/li>\n<li>Datos de comportamiento<\/li>\n<li>Entidades Comerciales<\/li>\n<li>Perfiles demogr\u00e1ficos<\/li>\n<li>Descripciones profundas de propiedades<\/li>\n<\/ul>\n<p>[\/et_pb_text][\/et_pb_column][et_pb_column type=&#8221;1_5&#8243; _builder_version=&#8221;4.16&#8243; _module_preset=&#8221;default&#8221; global_colors_info=&#8221;{}&#8221; theme_builder_area=&#8221;post_content&#8221;][et_pb_text _builder_version=&#8221;4.27.0&#8243; _module_preset=&#8221;default&#8221; hover_enabled=&#8221;0&#8243; global_colors_info=&#8221;{}&#8221; theme_builder_area=&#8221;post_content&#8221; sticky_enabled=&#8221;0&#8243;]<\/p>\n<h2><strong>Comprometer<\/strong><\/h2>\n<ul>\n<li>Comunicaciones integradas<\/li>\n<li>V\u00eddeo personalizado<\/li>\n<li>Chatbots<\/li>\n<li>Mensajer\u00eda responsiva<\/li>\n<li>Autoservicio Digital<\/li>\n<\/ul>\n<p>[\/et_pb_text][\/et_pb_column][\/et_pb_row][\/et_pb_section][et_pb_section fb_built=&#8221;1&#8243; theme_builder_area=&#8221;post_content&#8221; _builder_version=&#8221;4.27.0&#8243; _module_preset=&#8221;default&#8221;][et_pb_row _builder_version=&#8221;4.27.0&#8243; _module_preset=&#8221;default&#8221; theme_builder_area=&#8221;post_content&#8221;][et_pb_column _builder_version=&#8221;4.27.0&#8243; _module_preset=&#8221;default&#8221; type=&#8221;4_4&#8243; theme_builder_area=&#8221;post_content&#8221;][et_pb_image src=&#8221;https:\/\/imagenesgeograficas.com\/new\/wp-content\/uploads\/2024\/09\/01.png&#8221; _builder_version=&#8221;4.27.0&#8243; _module_preset=&#8221;default&#8221; theme_builder_area=&#8221;post_content&#8221; title_text=&#8221;01&#8243; align=&#8221;center&#8221; hover_enabled=&#8221;0&#8243; sticky_enabled=&#8221;0&#8243;][\/et_pb_image][\/et_pb_column][\/et_pb_row][\/et_pb_section][et_pb_section fb_built=&#8221;1&#8243; theme_builder_area=&#8221;post_content&#8221; _builder_version=&#8221;4.27.0&#8243; _module_preset=&#8221;default&#8221; custom_padding=&#8221;0px|||||&#8221;][et_pb_row _builder_version=&#8221;4.27.0&#8243; _module_preset=&#8221;default&#8221; column_structure=&#8221;3_5,2_5&#8243; theme_builder_area=&#8221;post_content&#8221;][et_pb_column _builder_version=&#8221;4.27.0&#8243; _module_preset=&#8221;default&#8221; type=&#8221;3_5&#8243; theme_builder_area=&#8221;post_content&#8221;][et_pb_text _builder_version=&#8221;4.27.0&#8243; _module_preset=&#8221;default&#8221; theme_builder_area=&#8221;post_content&#8221; hover_enabled=&#8221;0&#8243; sticky_enabled=&#8221;0&#8243; header_font=&#8221;|600|||||||&#8221;]<\/p>\n<h1>Que es Enrichment ?<\/h1>\n<p>EngageOne Enrichment facilita el cambio, la actualizaci\u00f3n y la mejora de sus documentos. Le permite responder r\u00e1pidamente a nuevas oportunidades y cambios en los requisitos comerciales sin retrasar la producci\u00f3n.<\/p>\n<p>EngageOne Enrichment puede manejar una variedad de tipos de salida de sus aplicaciones comerciales: archivos planos, archivos AFP, archivos de modo mixto AFP, archivos AFPDS completamente compuestos, Xerox DJDE, archivos Metacode, archivos PCL, PDF, PostScript, etc.<\/p>\n<p><strong>Combina y cruza documentos para reducir gastos y aumentar la capacidad de entrega<\/strong><\/p>\n<p>[\/et_pb_text][\/et_pb_column][et_pb_column _builder_version=&#8221;4.27.0&#8243; _module_preset=&#8221;default&#8221; type=&#8221;2_5&#8243; theme_builder_area=&#8221;post_content&#8221;][et_pb_image src=&#8221;https:\/\/imagenesgeograficas.com\/new\/wp-content\/uploads\/2024\/09\/02.png&#8221; _builder_version=&#8221;4.27.0&#8243; _module_preset=&#8221;default&#8221; theme_builder_area=&#8221;post_content&#8221; title_text=&#8221;02&#8243; hover_enabled=&#8221;0&#8243; sticky_enabled=&#8221;0&#8243;][\/et_pb_image][\/et_pb_column][\/et_pb_row][et_pb_row _builder_version=&#8221;4.27.0&#8243; _module_preset=&#8221;default&#8221; column_structure=&#8221;3_5,2_5&#8243; theme_builder_area=&#8221;post_content&#8221;][et_pb_column _builder_version=&#8221;4.27.0&#8243; _module_preset=&#8221;default&#8221; type=&#8221;3_5&#8243; theme_builder_area=&#8221;post_content&#8221;][et_pb_text _builder_version=&#8221;4.27.0&#8243; _module_preset=&#8221;default&#8221; theme_builder_area=&#8221;post_content&#8221; hover_enabled=&#8221;0&#8243; sticky_enabled=&#8221;0&#8243; header_font=&#8221;|600|||||||&#8221;]<\/p>\n<h1>Que podemos hacer con EngageOne\u00ae Enrichment?<\/h1>\n<p>Mejora de contenido<br \/>\u2022 Agregar mensajes personalizados<br \/>\u2022 Mover texto y cambiar fuentes<br \/>\u2022 Agregar texto nuevo en espacios en blanco<br \/>\u2022 Mover y modificar c\u00f3digos de barras<br \/>\u2022 Agregar im\u00e1genes y gr\u00e1ficos<br \/>Automatizaci\u00f3n postal<br \/>\u2022 Agregar c\u00f3digos de barras postales de diferentes tipos<br \/>\u2022 Combine flujos de correo producidos desde m\u00faltiples aplicaciones<br \/>en un solo flujo de correo<br \/>Control de insertos<br \/>\u2022 Eliminar o modificar c\u00f3digos de barras antiguos<br \/>\u2022 A\u00f1adir c\u00f3digos de barras avanzados<br \/>\u2022 Agregar n\u00fameros de secuencia<br \/>\u2022 Cree controles de inserci\u00f3n basados en archivos<br \/>Ordenar flujos de impresi\u00f3n<br \/>Consolidar\/fusionar flujos de impresi\u00f3n<\/p>\n<p>[\/et_pb_text][\/et_pb_column][et_pb_column _builder_version=&#8221;4.27.0&#8243; _module_preset=&#8221;default&#8221; type=&#8221;2_5&#8243; theme_builder_area=&#8221;post_content&#8221;][et_pb_image src=&#8221;https:\/\/imagenesgeograficas.com\/new\/wp-content\/uploads\/2024\/09\/03.png&#8221; _builder_version=&#8221;4.27.0&#8243; _module_preset=&#8221;default&#8221; theme_builder_area=&#8221;post_content&#8221; title_text=&#8221;03&#8243; hover_enabled=&#8221;0&#8243; sticky_enabled=&#8221;0&#8243;][\/et_pb_image][\/et_pb_column][\/et_pb_row][\/et_pb_section][et_pb_section fb_built=&#8221;1&#8243; theme_builder_area=&#8221;post_content&#8221; _builder_version=&#8221;4.27.0&#8243; _module_preset=&#8221;default&#8221; title_text=&#8221;back&#8221; background_image=&#8221;https:\/\/imagenesgeograficas.com\/new\/wp-content\/uploads\/2024\/09\/back.jpg&#8221; hover_enabled=&#8221;0&#8243; sticky_enabled=&#8221;0&#8243;][et_pb_row _builder_version=&#8221;4.27.0&#8243; _module_preset=&#8221;default&#8221; theme_builder_area=&#8221;post_content&#8221; column_structure=&#8221;1_4,1_4,1_4,1_4&#8243;][et_pb_column _builder_version=&#8221;4.27.0&#8243; _module_preset=&#8221;default&#8221; type=&#8221;1_4&#8243; theme_builder_area=&#8221;post_content&#8221;][et_pb_text _builder_version=&#8221;4.27.0&#8243; _module_preset=&#8221;default&#8221; theme_builder_area=&#8221;post_content&#8221; hover_enabled=&#8221;0&#8243; sticky_enabled=&#8221;0&#8243; text_text_color=&#8221;#FFFFFF&#8221; header_text_color=&#8221;#FFFFFF&#8221; header_font=&#8221;|600|||||||&#8221; header_font_size=&#8221;40px&#8221; text_font=&#8221;|600|||||||&#8221;]<\/p>\n<h1>EngageOne Enrichment<\/h1>\n<p>Permitimos a nuestros usuarios controlar los flujos de impresi\u00f3n para mejorar y modificar f\u00e1cilmente los archivos listos para imprimir\/almacenar en tiempo real, sin interrumpir las operaciones.<\/p>\n<p>[\/et_pb_text][\/et_pb_column][et_pb_column _builder_version=&#8221;4.27.0&#8243; _module_preset=&#8221;default&#8221; type=&#8221;1_4&#8243; theme_builder_area=&#8221;post_content&#8221;][et_pb_text _builder_version=&#8221;4.27.0&#8243; _module_preset=&#8221;default&#8221; theme_builder_area=&#8221;post_content&#8221; text_text_color=&#8221;#FFFFFF&#8221; hover_enabled=&#8221;0&#8243; sticky_enabled=&#8221;0&#8243;]Actualice, modifique y redirija los flujos de impresi\u00f3n sobre la marcha, sin intervenci\u00f3n t\u00e9cnica[\/et_pb_text][\/et_pb_column][et_pb_column _builder_version=&#8221;4.27.0&#8243; _module_preset=&#8221;default&#8221; type=&#8221;1_4&#8243; theme_builder_area=&#8221;post_content&#8221;][et_pb_text _builder_version=&#8221;4.27.0&#8243; _module_preset=&#8221;default&#8221; theme_builder_area=&#8221;post_content&#8221; text_text_color=&#8221;#FFFFFF&#8221; hover_enabled=&#8221;0&#8243; sticky_enabled=&#8221;0&#8243;]Personalice sus comunicaciones impresas mediante mensajes uno a uno e inserci\u00f3n selectiva[\/et_pb_text][\/et_pb_column][et_pb_column _builder_version=&#8221;4.27.0&#8243; _module_preset=&#8221;default&#8221; type=&#8221;1_4&#8243; theme_builder_area=&#8221;post_content&#8221;][et_pb_text _builder_version=&#8221;4.27.0&#8243; _module_preset=&#8221;default&#8221; theme_builder_area=&#8221;post_content&#8221; text_text_color=&#8221;#FFFFFF&#8221; hover_enabled=&#8221;0&#8243; sticky_enabled=&#8221;0&#8243;]Aumente la puntualidad y la eficiencia de su producci\u00f3n en papel y digital[\/et_pb_text][\/et_pb_column][\/et_pb_row][\/et_pb_section][et_pb_section fb_built=&#8221;1&#8243; theme_builder_area=&#8221;post_content&#8221; _builder_version=&#8221;4.27.0&#8243; _module_preset=&#8221;default&#8221; custom_padding=&#8221;0px||0px|||&#8221;][et_pb_row _builder_version=&#8221;4.27.0&#8243; _module_preset=&#8221;default&#8221; theme_builder_area=&#8221;post_content&#8221;][et_pb_column _builder_version=&#8221;4.27.0&#8243; _module_preset=&#8221;default&#8221; type=&#8221;4_4&#8243; theme_builder_area=&#8221;post_content&#8221;][et_pb_image src=&#8221;https:\/\/imagenesgeograficas.com\/new\/wp-content\/uploads\/2024\/09\/05.png&#8221; _builder_version=&#8221;4.27.0&#8243; _module_preset=&#8221;default&#8221; theme_builder_area=&#8221;post_content&#8221; title_text=&#8221;05&#8243; align=&#8221;center&#8221; hover_enabled=&#8221;0&#8243; sticky_enabled=&#8221;0&#8243;][\/et_pb_image][\/et_pb_column][\/et_pb_row][\/et_pb_section][et_pb_section fb_built=&#8221;1&#8243; theme_builder_area=&#8221;post_content&#8221; _builder_version=&#8221;4.27.0&#8243; _module_preset=&#8221;default&#8221;][et_pb_row _builder_version=&#8221;4.27.0&#8243; _module_preset=&#8221;default&#8221; theme_builder_area=&#8221;post_content&#8221;][et_pb_column _builder_version=&#8221;4.27.0&#8243; _module_preset=&#8221;default&#8221; type=&#8221;4_4&#8243; theme_builder_area=&#8221;post_content&#8221;][et_pb_text _builder_version=&#8221;4.27.0&#8243; _module_preset=&#8221;default&#8221; theme_builder_area=&#8221;post_content&#8221; hover_enabled=&#8221;0&#8243; sticky_enabled=&#8221;0&#8243; header_font=&#8221;|600|||||||&#8221; header_text_align=&#8221;center&#8221;]<\/p>\n<h1>L\u00edderes en Latino Am\u00e9rica<\/h1>\n<p>[\/et_pb_text][et_pb_image src=&#8221;https:\/\/imagenesgeograficas.com\/new\/wp-content\/uploads\/2024\/09\/04.png&#8221; _builder_version=&#8221;4.27.0&#8243; _module_preset=&#8221;default&#8221; theme_builder_area=&#8221;post_content&#8221; title_text=&#8221;04&#8243; hover_enabled=&#8221;0&#8243; sticky_enabled=&#8221;0&#8243; max_width=&#8221;850px&#8221; module_alignment=&#8221;center&#8221;][\/et_pb_image][\/et_pb_column][\/et_pb_row][\/et_pb_section]<\/p>\n","protected":false},"excerpt":{"rendered":"<p>PreciselyEvoluci\u00f3n de la Experiencia al Ciudadano L\u00edder del mercado en soluciones integrales de interacci\u00f3n con el cliente totalmente integradas. Precisely pone en pr\u00e1ctica la integridad de los datos para crear interacciones altamente relevantes y fluidas con los clientes.Precisely soluciones de integridad de datosIntegrar Cambiar captura de datos ETL Integraci\u00f3n de datos de la m\u00e1quina Automatizaci\u00f3n [&hellip;]<\/p>\n","protected":false},"author":1,"featured_media":0,"parent":0,"menu_order":0,"comment_status":"closed","ping_status":"closed","template":"","meta":{"_et_pb_use_builder":"on","_et_pb_old_content":"<!-- wp:divi\/placeholder \/-->","_et_gb_content_width":"","footnotes":""},"class_list":["post-955","page","type-page","status-publish","hentry"],"_links":{"self":[{"href":"https:\/\/imagenesgeograficas.com\/new\/wp-json\/wp\/v2\/pages\/955","targetHints":{"allow":["GET"]}}],"collection":[{"href":"https:\/\/imagenesgeograficas.com\/new\/wp-json\/wp\/v2\/pages"}],"about":[{"href":"https:\/\/imagenesgeograficas.com\/new\/wp-json\/wp\/v2\/types\/page"}],"author":[{"embeddable":true,"href":"https:\/\/imagenesgeograficas.com\/new\/wp-json\/wp\/v2\/users\/1"}],"replies":[{"embeddable":true,"href":"https:\/\/imagenesgeograficas.com\/new\/wp-json\/wp\/v2\/comments?post=955"}],"version-history":[{"count":9,"href":"https:\/\/imagenesgeograficas.com\/new\/wp-json\/wp\/v2\/pages\/955\/revisions"}],"predecessor-version":[{"id":975,"href":"https:\/\/imagenesgeograficas.com\/new\/wp-json\/wp\/v2\/pages\/955\/revisions\/975"}],"wp:attachment":[{"href":"https:\/\/imagenesgeograficas.com\/new\/wp-json\/wp\/v2\/media?parent=955"}],"curies":[{"name":"wp","href":"https:\/\/api.w.org\/{rel}","templated":true}]}}