{"id":953,"date":"2024-09-04T15:39:42","date_gmt":"2024-09-04T15:39:42","guid":{"rendered":"https:\/\/imagenesgeograficas.com\/new\/?page_id=953"},"modified":"2024-09-13T17:29:29","modified_gmt":"2024-09-13T17:29:29","slug":"uso-de-tecnologia-radar","status":"publish","type":"page","link":"https:\/\/imagenesgeograficas.com\/new\/uso-de-tecnologia-radar\/","title":{"rendered":"Uso de tecnolog\u00eda radar"},"content":{"rendered":"<p>[et_pb_section fb_built=&#8221;1&#8243; admin_label=&#8221;section&#8221; _builder_version=&#8221;4.27.0&#8243; background_image=&#8221;https:\/\/imagenesgeograficas.com\/new\/wp-content\/uploads\/2024\/09\/Informacion-Satelital.jpg&#8221; parallax=&#8221;on&#8221; parallax_method=&#8221;off&#8221; hover_enabled=&#8221;0&#8243; global_colors_info=&#8221;{}&#8221; theme_builder_area=&#8221;post_content&#8221; title_text=&#8221;Informacio\u0301n Satelital&#8221; sticky_enabled=&#8221;0&#8243;][et_pb_row _builder_version=&#8221;4.16&#8243; _module_preset=&#8221;default&#8221; global_colors_info=&#8221;{}&#8221; column_structure=&#8221;1_2,1_2&#8243; theme_builder_area=&#8221;post_content&#8221;][et_pb_column type=&#8221;1_2&#8243; _builder_version=&#8221;4.16&#8243; _module_preset=&#8221;default&#8221; global_colors_info=&#8221;{}&#8221; theme_builder_area=&#8221;post_content&#8221;][et_pb_text _builder_version=&#8221;4.27.0&#8243; _module_preset=&#8221;default&#8221; header_font=&#8221;|600||on|||||&#8221; header_text_color=&#8221;#ffffff&#8221; header_font_size=&#8221;22px&#8221; hover_enabled=&#8221;0&#8243; header_font_size_tablet=&#8221;&#8221; header_font_size_phone=&#8221;25px&#8221; header_font_size_last_edited=&#8221;on|phone&#8221; global_colors_info=&#8221;{}&#8221; theme_builder_area=&#8221;post_content&#8221; sticky_enabled=&#8221;0&#8243;]<\/p>\n<h1>Uso de tecnolog\u00eda radar<\/h1>\n<p>[\/et_pb_text][et_pb_text _builder_version=&#8221;4.27.0&#8243; _module_preset=&#8221;default&#8221; text_text_color=&#8221;#ffffff&#8221; text_font_size=&#8221;18px&#8221; header_font=&#8221;|700|||||||&#8221; header_text_color=&#8221;#ffffff&#8221; header_font_size=&#8221;35px&#8221; header_2_text_color=&#8221;#ffffff&#8221; hover_enabled=&#8221;0&#8243; global_colors_info=&#8221;{}&#8221; theme_builder_area=&#8221;post_content&#8221; sticky_enabled=&#8221;0&#8243;]<\/p>\n<h1>Informaci\u00f3n Satelital<\/h1>\n<p>SAOCOM\u00ae (Sat\u00e9lite Argentino de Observaci\u00f3n con<br \/>\nMicroondas) es una constelaci\u00f3n compuesta por dos<br \/>\nsat\u00e9lites de observaci\u00f3n de la Tierra que son<br \/>\npropiedad de CONAE\u00ae (Comisi\u00f3n Nacional de<br \/>\nActividades Espaciales).<br \/>\nDesarrollamos soluciones personalizadas combinando<br \/>\ninformaci\u00f3n satelital (SAR, InSAR, \u00f3ptica, etc.) para su<br \/>\naplicaci\u00f3n en diversas \u00e1reas, como por ejemplo<br \/>\nagricultura, miner\u00eda, petr\u00f3leo y gas, ambiente,<br \/>\ndefensa, etc.[\/et_pb_text][\/et_pb_column][et_pb_column _builder_version=&#8221;4.27.0&#8243; _module_preset=&#8221;default&#8221; type=&#8221;1_2&#8243; theme_builder_area=&#8221;post_content&#8221;][\/et_pb_column][\/et_pb_row][et_pb_row _builder_version=&#8221;4.16&#8243; _module_preset=&#8221;default&#8221; global_colors_info=&#8221;{}&#8221; theme_builder_area=&#8221;post_content&#8221; custom_padding=&#8221;1px|||||&#8221;][et_pb_column type=&#8221;4_4&#8243; _builder_version=&#8221;4.16&#8243; _module_preset=&#8221;default&#8221; global_colors_info=&#8221;{}&#8221; theme_builder_area=&#8221;post_content&#8221;][et_pb_text _builder_version=&#8221;4.27.0&#8243; _module_preset=&#8221;default&#8221; text_text_color=&#8221;#ffffff&#8221; text_font_size=&#8221;18px&#8221; header_font=&#8221;|700|||||||&#8221; header_text_align=&#8221;center&#8221; header_text_color=&#8221;#ffffff&#8221; header_font_size=&#8221;35px&#8221; header_2_text_color=&#8221;#ffffff&#8221; custom_margin=&#8221;||||false|false&#8221; custom_padding=&#8221;50px||||false|false&#8221; hover_enabled=&#8221;0&#8243; global_colors_info=&#8221;{}&#8221; theme_builder_area=&#8221;post_content&#8221; sticky_enabled=&#8221;0&#8243;]<\/p>\n<h1>Tecnolog\u00eda sar en BANDa-l<\/h1>\n<p>[\/et_pb_text][\/et_pb_column][\/et_pb_row][et_pb_row column_structure=&#8221;3_5,2_5&#8243; _builder_version=&#8221;4.27.0&#8243; _module_preset=&#8221;default&#8221; background_color=&#8221;rgba(255,255,255,0.83)&#8221; custom_padding=&#8221;30px|30px|30px|30px|false|false&#8221; border_radii=&#8221;off|30px|30px|30px|30px&#8221; global_colors_info=&#8221;{}&#8221; theme_builder_area=&#8221;post_content&#8221;][et_pb_column type=&#8221;3_5&#8243; _builder_version=&#8221;4.16&#8243; _module_preset=&#8221;default&#8221; global_colors_info=&#8221;{}&#8221; theme_builder_area=&#8221;post_content&#8221;][et_pb_text _builder_version=&#8221;4.27.0&#8243; _module_preset=&#8221;default&#8221; hover_enabled=&#8221;0&#8243; global_colors_info=&#8221;{}&#8221; theme_builder_area=&#8221;post_content&#8221; sticky_enabled=&#8221;0&#8243;]SAOCOM\u00ae es una constelaci\u00f3n formada por dos sat\u00e9lites SAR en banda L de polarizaci\u00f3n cu\u00e1druple que observan la superficie terrestre de noche y de d\u00eda, sin importar las condiciones del clima.<br \/>\nAl trabajar en banda L, los sat\u00e9lites puede obtener informaci\u00f3n penetrando en la cobertura vegetal y el suelo, adquiriendo datos de humedad. Otros productos que puede generar incluyen mapas de desplazamientos, mapas de humedad de suelo y el sistema de pron\u00f3stico para Fusariosis en trigo.[\/et_pb_text][\/et_pb_column][et_pb_column type=&#8221;2_5&#8243; _builder_version=&#8221;4.16&#8243; _module_preset=&#8221;default&#8221; global_colors_info=&#8221;{}&#8221; theme_builder_area=&#8221;post_content&#8221;][et_pb_text _builder_version=&#8221;4.27.0&#8243; _module_preset=&#8221;default&#8221; theme_builder_area=&#8221;post_content&#8221; hover_enabled=&#8221;0&#8243; sticky_enabled=&#8221;0&#8243;]<\/p>\n<p><strong>TIEMPO DE REVISITA:<\/strong> 8 d\u00edas (1A + 1B)<br \/><strong>MEJOR RESOLUCI\u00d3N:<\/strong> 10 mts<br \/><strong>CU\u00c1DRUPLE POLARIZACI\u00d3N<\/strong><br \/><strong>STRIPMAP:<\/strong> 40 x 74 km<br \/><strong>TOPSAR:<\/strong> 350 x 445 km<br \/><strong>\u00c1NGULO DE MIRADA:<\/strong> de 20,7\u00ba a 50,2\u00ba<\/p>\n<p>[\/et_pb_text][\/et_pb_column][\/et_pb_row][\/et_pb_section][et_pb_section fb_built=&#8221;1&#8243; _builder_version=&#8221;4.27.0&#8243; _module_preset=&#8221;default&#8221; custom_padding=&#8221;0px|||||&#8221; global_colors_info=&#8221;{}&#8221; theme_builder_area=&#8221;post_content&#8221;][et_pb_row column_structure=&#8221;1_2,1_2&#8243; _builder_version=&#8221;4.27.0&#8243; _module_preset=&#8221;default&#8221; global_colors_info=&#8221;{}&#8221; theme_builder_area=&#8221;post_content&#8221;][et_pb_column type=&#8221;1_2&#8243; _builder_version=&#8221;4.27.0&#8243; _module_preset=&#8221;default&#8221; global_colors_info=&#8221;{}&#8221; theme_builder_area=&#8221;post_content&#8221;][et_pb_image src=&#8221;https:\/\/imagenesgeograficas.com\/new\/wp-content\/uploads\/2024\/09\/06.png&#8221; _builder_version=&#8221;4.27.0&#8243; _module_preset=&#8221;default&#8221; theme_builder_area=&#8221;post_content&#8221; title_text=&#8221;06&#8243; hover_enabled=&#8221;0&#8243; sticky_enabled=&#8221;0&#8243;][\/et_pb_image][et_pb_text _builder_version=&#8221;4.27.0&#8243; _module_preset=&#8221;default&#8221; header_font=&#8221;|600|||||||&#8221; hover_enabled=&#8221;0&#8243; global_colors_info=&#8221;{}&#8221; theme_builder_area=&#8221;post_content&#8221; sticky_enabled=&#8221;0&#8243;]<\/p>\n<h3>OPCI\u00d3N DE MONITOREO R\u00c1PIDO<\/h3>\n<h1>DETECCI\u00d3N DE BARCOS<\/h1>\n<p>Tiempo de entrega: 5 horas despu\u00e9s de la adquisici\u00f3n<br \/>Frecuencia de adquisici\u00f3n: 2 productos por d\u00eda<br \/>M\u00e9todo de entrega: FTP + correo electr\u00f3nico<br \/>Entradas de sat\u00e9lite: SAOCOM1A &amp; SAOCOM1B<\/p>\n<p>[\/et_pb_text][\/et_pb_column][et_pb_column type=&#8221;1_2&#8243; _builder_version=&#8221;4.27.0&#8243; _module_preset=&#8221;default&#8221; global_colors_info=&#8221;{}&#8221; theme_builder_area=&#8221;post_content&#8221;][et_pb_image src=&#8221;https:\/\/imagenesgeograficas.com\/new\/wp-content\/uploads\/2024\/09\/07.png&#8221; _builder_version=&#8221;4.27.0&#8243; _module_preset=&#8221;default&#8221; theme_builder_area=&#8221;post_content&#8221; title_text=&#8221;07&#8243; hover_enabled=&#8221;0&#8243; sticky_enabled=&#8221;0&#8243;][\/et_pb_image][et_pb_text _builder_version=&#8221;4.27.0&#8243; _module_preset=&#8221;default&#8221; header_font=&#8221;|600|||||||&#8221; hover_enabled=&#8221;0&#8243; global_colors_info=&#8221;{}&#8221; theme_builder_area=&#8221;post_content&#8221; sticky_enabled=&#8221;0&#8243;]<\/p>\n<h3>OPCI\u00d3N DE MONITOREO R\u00c1PIDO<\/h3>\n<h1>DETECCI\u00d3N DE DERRAME DE PETR\u00d3LEO<\/h1>\n<p>Tiempo de entrega: 8 horas despu\u00e9s de la adquisici\u00f3n<br \/>\nFrecuencia de adquisici\u00f3n: 2 productos por d\u00eda<br \/>\nM\u00e9todo de entrega: FTP + correo electr\u00f3nico<br \/>\nEntradas de sat\u00e9lite: SAOCOM1A &#038; SAOCOM1B[\/et_pb_text][\/et_pb_column][\/et_pb_row][\/et_pb_section][et_pb_section fb_built=&#8221;1&#8243; _builder_version=&#8221;4.27.0&#8243; _module_preset=&#8221;default&#8221; custom_padding=&#8221;0px|||||&#8221; global_colors_info=&#8221;{}&#8221; theme_builder_area=&#8221;post_content&#8221;][et_pb_row column_structure=&#8221;1_2,1_2&#8243; _builder_version=&#8221;4.27.0&#8243; _module_preset=&#8221;default&#8221; global_colors_info=&#8221;{}&#8221; theme_builder_area=&#8221;post_content&#8221;][et_pb_column type=&#8221;1_2&#8243; _builder_version=&#8221;4.27.0&#8243; _module_preset=&#8221;default&#8221; global_colors_info=&#8221;{}&#8221; theme_builder_area=&#8221;post_content&#8221;][et_pb_text _builder_version=&#8221;4.27.0&#8243; _module_preset=&#8221;default&#8221; header_font=&#8221;|600|||||||&#8221; hover_enabled=&#8221;0&#8243; global_colors_info=&#8221;{}&#8221; theme_builder_area=&#8221;post_content&#8221; sticky_enabled=&#8221;0&#8243;]<\/p>\n<h1>OPCI\u00d3N DE MONITOREO R\u00c1PIDO<\/h1>\n<p>El servicio de Monitoreo R\u00e1pido brinda la posibilidad de activar ventanas de<br \/>adquisici\u00f3n deseadas.<br \/>El plazo en que cada ventana est\u00e1 activa es de 5 d\u00edas, se puede solicitar 24<br \/>horas (o antes) antes de la primera adquisici\u00f3n deseada, y con un m\u00e1ximo de<br \/>12 adquisiciones por ventana.<br \/>El servicio tiene una tarifa mensual, que incluye 1 (una) ventana de<br \/>activaci\u00f3n.<br \/>Si el cliente desea activar m\u00e1s ventanas en el mismo per\u00edodo, puede solicitarlo.<\/p>\n<p>&nbsp;<\/p>\n<ul>\n<li>Monitoreo de pozos de petr\u00f3leo y gas<\/li>\n<li>Detecci\u00f3n de derrames urbanos de agua potable<\/li>\n<li>Monitoreo de inundaciones y sequ\u00edas<\/li>\n<li>Monitoreo de datos agr\u00edcolas<\/li>\n<\/ul>\n<p>[\/et_pb_text][\/et_pb_column][et_pb_column type=&#8221;1_2&#8243; _builder_version=&#8221;4.27.0&#8243; _module_preset=&#8221;default&#8221; global_colors_info=&#8221;{}&#8221; theme_builder_area=&#8221;post_content&#8221;][et_pb_image src=&#8221;https:\/\/imagenesgeograficas.com\/new\/wp-content\/uploads\/2024\/09\/08.png&#8221; _builder_version=&#8221;4.27.0&#8243; _module_preset=&#8221;default&#8221; theme_builder_area=&#8221;post_content&#8221; title_text=&#8221;08&#8243; hover_enabled=&#8221;0&#8243; sticky_enabled=&#8221;0&#8243;][\/et_pb_image][\/et_pb_column][\/et_pb_row][\/et_pb_section][et_pb_section fb_built=&#8221;1&#8243; _builder_version=&#8221;4.27.0&#8243; _module_preset=&#8221;default&#8221; custom_padding=&#8221;0px|||||&#8221; global_colors_info=&#8221;{}&#8221; theme_builder_area=&#8221;post_content&#8221;][et_pb_row column_structure=&#8221;1_2,1_2&#8243; _builder_version=&#8221;4.27.0&#8243; _module_preset=&#8221;default&#8221; global_colors_info=&#8221;{}&#8221; theme_builder_area=&#8221;post_content&#8221;][et_pb_column type=&#8221;1_2&#8243; _builder_version=&#8221;4.27.0&#8243; _module_preset=&#8221;default&#8221; global_colors_info=&#8221;{}&#8221; theme_builder_area=&#8221;post_content&#8221;][et_pb_image src=&#8221;https:\/\/imagenesgeograficas.com\/new\/wp-content\/uploads\/2024\/09\/09.png&#8221; _builder_version=&#8221;4.27.0&#8243; _module_preset=&#8221;default&#8221; theme_builder_area=&#8221;post_content&#8221; title_text=&#8221;09&#8243; hover_enabled=&#8221;0&#8243; sticky_enabled=&#8221;0&#8243;][\/et_pb_image][\/et_pb_column][et_pb_column type=&#8221;1_2&#8243; _builder_version=&#8221;4.27.0&#8243; _module_preset=&#8221;default&#8221; global_colors_info=&#8221;{}&#8221; theme_builder_area=&#8221;post_content&#8221;][et_pb_text _builder_version=&#8221;4.27.0&#8243; _module_preset=&#8221;default&#8221; header_font=&#8221;|600|||||||&#8221; hover_enabled=&#8221;0&#8243; global_colors_info=&#8221;{}&#8221; theme_builder_area=&#8221;post_content&#8221; sticky_enabled=&#8221;0&#8243;]<\/p>\n<h3>APLICACIONES \u2013 agricultura<\/h3>\n<h1>MAPA DE AMBIENTE DE HUMEDAD DEL SUELO<\/h1>\n<p><strong>Aplicaci\u00f3n Agricultura<\/strong><br \/>\nLa humedad del suelo es un par\u00e1metro cr\u00edtico para decidir la fecha de siembra, para verificar el rendimiento de irrigaci\u00f3n natural y artificial. Es \u00fatil como una fuente de datos para el an\u00e1lisis de la cosecha tambi\u00e9n.<\/p>\n<p><strong>Descripci\u00f3n<\/strong><br \/>\nLa imagen muestra una secuencia de tres fechas en un campo de cultivo espec\u00edfico separadas por un per\u00edodo de diecis\u00e9is d\u00edas cada una.<\/p>\n<p><strong>Especificaci\u00f3n<\/strong><br \/>\nRangos de humedad: 5-10, 10-20, 20-30, 30-40, 40-45 %vol\/vol<br \/>\nResoluci\u00f3n espacial: 30 metros<br \/>\nResoluci\u00f3n temporal: 8 d\u00edas<br \/>\nMedici\u00f3n en suelo con cultivo conocido<br \/>\nProducto que se basa exclusivamente en datos SAOCOM<br \/>\nSe requiere calibraci\u00f3n del cliente[\/et_pb_text][\/et_pb_column][\/et_pb_row][\/et_pb_section][et_pb_section fb_built=&#8221;1&#8243; _builder_version=&#8221;4.27.0&#8243; _module_preset=&#8221;default&#8221; custom_padding=&#8221;0px|||||&#8221; global_colors_info=&#8221;{}&#8221; theme_builder_area=&#8221;post_content&#8221;][et_pb_row column_structure=&#8221;1_2,1_2&#8243; _builder_version=&#8221;4.27.0&#8243; _module_preset=&#8221;default&#8221; global_colors_info=&#8221;{}&#8221; theme_builder_area=&#8221;post_content&#8221;][et_pb_column type=&#8221;1_2&#8243; _builder_version=&#8221;4.27.0&#8243; _module_preset=&#8221;default&#8221; global_colors_info=&#8221;{}&#8221; theme_builder_area=&#8221;post_content&#8221;][et_pb_text _builder_version=&#8221;4.27.0&#8243; _module_preset=&#8221;default&#8221; header_font=&#8221;|600|||||||&#8221; hover_enabled=&#8221;0&#8243; global_colors_info=&#8221;{}&#8221; theme_builder_area=&#8221;post_content&#8221; sticky_enabled=&#8221;0&#8243;]<\/p>\n<h3>APLICACIONES \u2013 miner\u00eda<\/h3>\n<h1>HEAP LEACHING: Mapa de ambiente de humedad del suelo relativa<\/h1>\n<p><strong>Aplicaciones<\/strong><br \/>\nEl proceso de lixiviaci\u00f3n en la miner\u00eda (especialmente oro y plata): permite reunir informaci\u00f3n sobre la evapotranspiraci\u00f3n de los fluidos en el proceso de lixiviaci\u00f3n para hacer ajustes en los flujos independientes. Este producto permite la comparaci\u00f3n entre semanas, meses y estaciones del a\u00f1o.<\/p>\n<p><strong>Descripci\u00f3n<\/strong><br \/>\nEn la secuencia de escenas se observa de izquierda a derecha primero que el producto sirve para comparar pixel por pixel el cambio observado . En la segunda instancia se observa la escena que se compara con la referencia. Finalmente, el resultado de sustraer los mapas ambientales pixel por pixel mostrando la variaci\u00f3n de una escena a otra.<\/p>\n<p><strong>Especificaci\u00f3n<\/strong><br \/>\nRangos de humedad: humedecedor fuerte, humedecedor, humedecedor suave, igual,<br \/>\nsecador suave, secador y secador fuerte<br \/>\nResoluci\u00f3n especial: 8 metros<br \/>\nResoluci\u00f3n temporal: 8 d\u00edas<br \/>\nMedici\u00f3n en suelo deforestado<br \/>\nProducto que se basa en datos SAOCOM<br \/>\nPara obtener los datos absolutos se requiere calibraci\u00f3n in situ[\/et_pb_text][\/et_pb_column][et_pb_column type=&#8221;1_2&#8243; _builder_version=&#8221;4.27.0&#8243; _module_preset=&#8221;default&#8221; global_colors_info=&#8221;{}&#8221; theme_builder_area=&#8221;post_content&#8221;][et_pb_image src=&#8221;https:\/\/imagenesgeograficas.com\/new\/wp-content\/uploads\/2024\/09\/10.png&#8221; _builder_version=&#8221;4.27.0&#8243; _module_preset=&#8221;default&#8221; theme_builder_area=&#8221;post_content&#8221; title_text=&#8221;10&#8243; hover_enabled=&#8221;0&#8243; sticky_enabled=&#8221;0&#8243;][\/et_pb_image][et_pb_image src=&#8221;https:\/\/imagenesgeograficas.com\/new\/wp-content\/uploads\/2024\/09\/11.png&#8221; _builder_version=&#8221;4.27.0&#8243; _module_preset=&#8221;default&#8221; theme_builder_area=&#8221;post_content&#8221; title_text=&#8221;11&#8243; hover_enabled=&#8221;0&#8243; sticky_enabled=&#8221;0&#8243;][\/et_pb_image][\/et_pb_column][\/et_pb_row][\/et_pb_section][et_pb_section fb_built=&#8221;1&#8243; _builder_version=&#8221;4.27.0&#8243; _module_preset=&#8221;default&#8221; custom_padding=&#8221;||||false|false&#8221; hover_enabled=&#8221;0&#8243; global_colors_info=&#8221;{}&#8221; theme_builder_area=&#8221;post_content&#8221; sticky_enabled=&#8221;0&#8243;][et_pb_row column_structure=&#8221;1_2,1_2&#8243; _builder_version=&#8221;4.27.0&#8243; _module_preset=&#8221;default&#8221; global_colors_info=&#8221;{}&#8221; theme_builder_area=&#8221;post_content&#8221;][et_pb_column type=&#8221;1_2&#8243; _builder_version=&#8221;4.27.0&#8243; _module_preset=&#8221;default&#8221; global_colors_info=&#8221;{}&#8221; theme_builder_area=&#8221;post_content&#8221;][et_pb_image src=&#8221;https:\/\/imagenesgeograficas.com\/new\/wp-content\/uploads\/2024\/09\/13.png&#8221; _builder_version=&#8221;4.27.0&#8243; _module_preset=&#8221;default&#8221; theme_builder_area=&#8221;post_content&#8221; title_text=&#8221;13&#8243; hover_enabled=&#8221;0&#8243; sticky_enabled=&#8221;0&#8243;][\/et_pb_image][et_pb_text _builder_version=&#8221;4.27.0&#8243; _module_preset=&#8221;default&#8221; header_font=&#8221;|600|||||||&#8221; hover_enabled=&#8221;0&#8243; global_colors_info=&#8221;{}&#8221; theme_builder_area=&#8221;post_content&#8221; sticky_enabled=&#8221;0&#8243; text_orientation=&#8221;justified&#8221;]<\/p>\n<h3>CASOS DE USO &#8211; oil&amp;gas<\/h3>\n<h1>MONITOREO DE DUCTOS<\/h1>\n<p>Los ductos mediante ca\u00f1er\u00edas (oleoductos, gasoductos, acueductos) son obras de extenso desarrollo lineal que llegan a los miles de kil\u00f3metros. En ese recorrido, atraviesan distintos tipos de composici\u00f3n de suelo (como ser) arenoso, limoso, arcilloso o distintos tipos de roca sedimentaria, metam\u00f3rfica o \u00edgneas. Todo esto, sumado a cambios en los acu\u00edferos y reservorios, generan movimientos sobre el suelo en el que se asientan los ductos.<br \/>Mediante la interferometr\u00eda diferencial (DInSAR) se puede monitorear a niveles centim\u00e9tricos y sub centim\u00e9tricos con una periodicidad de 8 d\u00edas en el caso de los sat\u00e9lites SAOCOM. De esta manera, es posible identificar las zonas donde se dan los mayores cambios del suelo que pueden representar un riego de ruptura de los ductos.<\/p>\n<p>[\/et_pb_text][\/et_pb_column][et_pb_column type=&#8221;1_2&#8243; _builder_version=&#8221;4.27.0&#8243; _module_preset=&#8221;default&#8221; global_colors_info=&#8221;{}&#8221; theme_builder_area=&#8221;post_content&#8221;][et_pb_image src=&#8221;https:\/\/imagenesgeograficas.com\/new\/wp-content\/uploads\/2024\/09\/14.png&#8221; _builder_version=&#8221;4.27.0&#8243; _module_preset=&#8221;default&#8221; theme_builder_area=&#8221;post_content&#8221; title_text=&#8221;14&#8243; hover_enabled=&#8221;0&#8243; sticky_enabled=&#8221;0&#8243;][\/et_pb_image][et_pb_text _builder_version=&#8221;4.27.0&#8243; _module_preset=&#8221;default&#8221; header_font=&#8221;|600||on|||||&#8221; hover_enabled=&#8221;0&#8243; global_colors_info=&#8221;{}&#8221; theme_builder_area=&#8221;post_content&#8221; sticky_enabled=&#8221;0&#8243; text_orientation=&#8221;justified&#8221;]<\/p>\n<h3>CASOS DE USO &#8211; oil&amp;gas<\/h3>\n<h1>Monitoreo de cuencas<\/h1>\n<p>Las operaciones de extracci\u00f3n e inyecci\u00f3n de fluidos generan variaciones volum\u00e9tricas en las cuencas y, por lo tanto, cambios de altura en la cobertura superficial.<br \/>Estos cambios pueden resultar dif\u00edciles de medir debido a, la gran extensi\u00f3n superficial de las cuencas sobre las que se asientan las operaciones. No obstante, las t\u00e9cnicas de interferometr\u00eda diferencial (DInSAR) permiten medir las variaciones de altura de la superficie con precisiones centim\u00e9tricas y sub centim\u00e9tricas. De esta manera, es posible estimar los cambios volum\u00e9tricos en<br \/>la cuenca y asociarlos con los procesos de extracci\u00f3n e inyecci\u00f3n de fluidos. Estos datos resultan de inter\u00e9s para monitorear la infraestructura de las operaciones para evitar da\u00f1os en las mismas, as\u00ed como, contrastar valores<br \/>de inyecci\u00f3n\/extracci\u00f3n con cambios de volumen en la cuenca para prevenci\u00f3n de riesgos ambientales. Mediante la constelaci\u00f3n SAOCOM es posible realizar<br \/>estos estudios con una periodicidad de 8 d\u00edas.<\/p>\n<p>[\/et_pb_text][\/et_pb_column][\/et_pb_row][\/et_pb_section][et_pb_section fb_built=&#8221;1&#8243; _builder_version=&#8221;4.27.0&#8243; _module_preset=&#8221;default&#8221; background_image=&#8221;https:\/\/imagenesgeograficas.com\/new\/wp-content\/uploads\/2024\/09\/12.png&#8221; hover_enabled=&#8221;0&#8243; global_colors_info=&#8221;{}&#8221; theme_builder_area=&#8221;post_content&#8221; sticky_enabled=&#8221;0&#8243; title_text=&#8221;12&#8243;][et_pb_row column_structure=&#8221;1_2,1_4,1_4&#8243; _builder_version=&#8221;4.27.0&#8243; _module_preset=&#8221;default&#8221; global_colors_info=&#8221;{}&#8221; theme_builder_area=&#8221;post_content&#8221;][et_pb_column type=&#8221;1_2&#8243; _builder_version=&#8221;4.27.0&#8243; _module_preset=&#8221;default&#8221; global_colors_info=&#8221;{}&#8221; theme_builder_area=&#8221;post_content&#8221;][et_pb_text _builder_version=&#8221;4.27.0&#8243; _module_preset=&#8221;default&#8221; text_font=&#8221;|600|||||||&#8221; text_text_color=&#8221;#FFFFFF&#8221; header_font=&#8221;|600|||||||&#8221; header_text_color=&#8221;#FFFFFF&#8221; header_font_size=&#8221;40px&#8221; hover_enabled=&#8221;0&#8243; global_colors_info=&#8221;{}&#8221; theme_builder_area=&#8221;post_content&#8221; sticky_enabled=&#8221;0&#8243;]<\/p>\n<h1>interferometr\u00eda<\/h1>\n<p>La interferometr\u00eda es una t\u00e9cnica que, a partir de dos o m\u00e1s im\u00e1genes satelitales SAR (Radar de Apertura Sint\u00e9tica), permite obtener mediciones del desplazamiento del suelo con alta precisi\u00f3n.<br \/>\nServicio de cuantificaci\u00f3n y cualificaci\u00f3n del desplazamiento del suelo para monitoreo y alerta temprana. El estudio se lleva a cabo en un per\u00edodo de tiempo determinado y se utiliza la t\u00e9cnica de interferometr\u00eda diferencial.[\/et_pb_text][\/et_pb_column][et_pb_column type=&#8221;1_4&#8243; _builder_version=&#8221;4.27.0&#8243; _module_preset=&#8221;default&#8221; global_colors_info=&#8221;{}&#8221; theme_builder_area=&#8221;post_content&#8221;][\/et_pb_column][et_pb_column type=&#8221;1_4&#8243; _builder_version=&#8221;4.27.0&#8243; _module_preset=&#8221;default&#8221; global_colors_info=&#8221;{}&#8221; theme_builder_area=&#8221;post_content&#8221;][\/et_pb_column][\/et_pb_row][\/et_pb_section]<\/p>\n","protected":false},"excerpt":{"rendered":"<p>Uso de tecnolog\u00eda radarInformaci\u00f3n Satelital SAOCOM\u00ae (Sat\u00e9lite Argentino de Observaci\u00f3n con Microondas) es una constelaci\u00f3n compuesta por dos sat\u00e9lites de observaci\u00f3n de la Tierra que son propiedad de CONAE\u00ae (Comisi\u00f3n Nacional de Actividades Espaciales). Desarrollamos soluciones personalizadas combinando informaci\u00f3n satelital (SAR, InSAR, \u00f3ptica, etc.) para su aplicaci\u00f3n en diversas \u00e1reas, como por ejemplo agricultura, miner\u00eda, [&hellip;]<\/p>\n","protected":false},"author":1,"featured_media":0,"parent":0,"menu_order":0,"comment_status":"closed","ping_status":"closed","template":"","meta":{"_et_pb_use_builder":"on","_et_pb_old_content":"<!-- wp:divi\/placeholder \/-->","_et_gb_content_width":"","footnotes":""},"class_list":["post-953","page","type-page","status-publish","hentry"],"_links":{"self":[{"href":"https:\/\/imagenesgeograficas.com\/new\/wp-json\/wp\/v2\/pages\/953","targetHints":{"allow":["GET"]}}],"collection":[{"href":"https:\/\/imagenesgeograficas.com\/new\/wp-json\/wp\/v2\/pages"}],"about":[{"href":"https:\/\/imagenesgeograficas.com\/new\/wp-json\/wp\/v2\/types\/page"}],"author":[{"embeddable":true,"href":"https:\/\/imagenesgeograficas.com\/new\/wp-json\/wp\/v2\/users\/1"}],"replies":[{"embeddable":true,"href":"https:\/\/imagenesgeograficas.com\/new\/wp-json\/wp\/v2\/comments?post=953"}],"version-history":[{"count":12,"href":"https:\/\/imagenesgeograficas.com\/new\/wp-json\/wp\/v2\/pages\/953\/revisions"}],"predecessor-version":[{"id":1001,"href":"https:\/\/imagenesgeograficas.com\/new\/wp-json\/wp\/v2\/pages\/953\/revisions\/1001"}],"wp:attachment":[{"href":"https:\/\/imagenesgeograficas.com\/new\/wp-json\/wp\/v2\/media?parent=953"}],"curies":[{"name":"wp","href":"https:\/\/api.w.org\/{rel}","templated":true}]}}