{"id":933,"date":"2024-08-25T21:14:16","date_gmt":"2024-08-25T21:14:16","guid":{"rendered":"https:\/\/imagenesgeograficas.com\/new\/?page_id=933"},"modified":"2025-02-20T15:33:01","modified_gmt":"2025-02-20T15:33:01","slug":"skylinesoft","status":"publish","type":"page","link":"https:\/\/imagenesgeograficas.com\/new\/skylinesoft\/","title":{"rendered":"skylinesoft"},"content":{"rendered":"<p>[et_pb_section fb_built=&#8221;1&#8243; admin_label=&#8221;section&#8221; _builder_version=&#8221;4.16&#8243; background_image=&#8221;https:\/\/imagenesgeograficas.com\/new\/wp-content\/uploads\/2024\/04\/infogeobg-1.jpg&#8221; parallax=&#8221;on&#8221; parallax_method=&#8221;off&#8221; global_colors_info=&#8221;{}&#8221;][et_pb_row _builder_version=&#8221;4.16&#8243; _module_preset=&#8221;default&#8221; global_colors_info=&#8221;{}&#8221;][et_pb_column type=&#8221;4_4&#8243; _builder_version=&#8221;4.16&#8243; _module_preset=&#8221;default&#8221; global_colors_info=&#8221;{}&#8221;][et_pb_text _builder_version=&#8221;4.27.0&#8243; _module_preset=&#8221;default&#8221; header_font=&#8221;|600||on|||||&#8221; header_text_color=&#8221;#ffffff&#8221; header_font_size=&#8221;22px&#8221; header_font_size_tablet=&#8221;&#8221; header_font_size_phone=&#8221;25px&#8221; header_font_size_last_edited=&#8221;on|phone&#8221; global_colors_info=&#8221;{}&#8221;]<\/p>\n<h1>Skyline Soft<\/h1>\n<p>[\/et_pb_text][et_pb_text _builder_version=&#8221;4.27.0&#8243; _module_preset=&#8221;default&#8221; text_text_color=&#8221;#ffffff&#8221; text_font_size=&#8221;18px&#8221; header_font=&#8221;|700|||||||&#8221; header_text_color=&#8221;#ffffff&#8221; header_font_size=&#8221;35px&#8221; header_2_text_color=&#8221;#ffffff&#8221; global_colors_info=&#8221;{}&#8221;]<\/p>\n<h1>Cree bases de datos de terreno fotorrealistas y geogr\u00e1ficamente precisas y modelos de malla 3D altamente detallados.<\/h1>\n<p>[\/et_pb_text][\/et_pb_column][\/et_pb_row][et_pb_row column_structure=&#8221;1_3,1_3,1_3&#8243; _builder_version=&#8221;4.27.0&#8243; _module_preset=&#8221;default&#8221; background_color=&#8221;#ffffff&#8221; custom_padding=&#8221;30px|30px|30px|30px|false|false&#8221; border_radii=&#8221;off|30px|30px|30px|30px&#8221; global_colors_info=&#8221;{}&#8221;][et_pb_column type=&#8221;1_3&#8243; _builder_version=&#8221;4.16&#8243; _module_preset=&#8221;default&#8221; global_colors_info=&#8221;{}&#8221;][et_pb_image src=&#8221;https:\/\/imagenesgeograficas.com\/new\/wp-content\/uploads\/2024\/08\/skyline-01.webp&#8221; title_text=&#8221;skyline-01&#8243; _builder_version=&#8221;4.27.0&#8243; _module_preset=&#8221;default&#8221; global_colors_info=&#8221;{}&#8221;][\/et_pb_image][et_pb_text _builder_version=&#8221;4.27.0&#8243; _module_preset=&#8221;default&#8221; global_colors_info=&#8221;{}&#8221;]<\/p>\n<h2><strong>Fotomalla<\/strong><\/h2>\n<p>Utilizando tecnolog\u00eda innovadora de mapeo 2D y 3D,   PhotoMesh genera mallas 3D altamente detalladas, ortofotos, nubes de puntos, modelos de elevaci\u00f3n y m\u00e1s  a partir de fotos est\u00e1ndar en una amplia gama de formatos. [\/et_pb_text][\/et_pb_column][et_pb_column type=&#8221;1_3&#8243; _builder_version=&#8221;4.16&#8243; _module_preset=&#8221;default&#8221; global_colors_info=&#8221;{}&#8221;][et_pb_image src=&#8221;https:\/\/imagenesgeograficas.com\/new\/wp-content\/uploads\/2024\/08\/skyline-02.webp&#8221; title_text=&#8221;skyline-02&#8243; _builder_version=&#8221;4.27.0&#8243; _module_preset=&#8221;default&#8221; global_colors_info=&#8221;{}&#8221;][\/et_pb_image][et_pb_text _builder_version=&#8221;4.27.0&#8243; _module_preset=&#8221;default&#8221; global_colors_info=&#8221;{}&#8221;]<\/p>\n<h2><strong>Constructor de Terra<\/strong><\/h2>\n<p>TerraBuilder proporciona herramientas de nivel profesional para manipular y fusionar fotograf\u00edas a\u00e9reas, im\u00e1genes satelitales y modelos de elevaci\u00f3n digitales en una base de datos de terreno fotorrealista y geogr\u00e1ficamente precisa.[\/et_pb_text][\/et_pb_column][et_pb_column type=&#8221;1_3&#8243; _builder_version=&#8221;4.16&#8243; _module_preset=&#8221;default&#8221; global_colors_info=&#8221;{}&#8221;][et_pb_image src=&#8221;https:\/\/imagenesgeograficas.com\/new\/wp-content\/uploads\/2024\/08\/skyline-03.webp&#8221; title_text=&#8221;skyline-03&#8243; _builder_version=&#8221;4.27.0&#8243; _module_preset=&#8221;default&#8221; global_colors_info=&#8221;{}&#8221;][\/et_pb_image][et_pb_text _builder_version=&#8221;4.27.0&#8243; _module_preset=&#8221;default&#8221; global_colors_info=&#8221;{}&#8221;]<\/p>\n<h2><strong>Servicios de producci\u00f3n<\/strong><\/h2>\n<p>ervicio totalmente automatizado para ejecutar proyectos PhotoMesh que puede producir resultados 2D, 3D y multiespectrales. Se pueden generar nubes de puntos densas con informaci\u00f3n de color detallada, ortofotos reales y modelos de malla 3D en una variedad de formatos para lograr la m\u00e1xima compatibilidad.[\/et_pb_text][\/et_pb_column][\/et_pb_row][et_pb_row _builder_version=&#8221;4.16&#8243; _module_preset=&#8221;default&#8221; global_colors_info=&#8221;{}&#8221;][et_pb_column type=&#8221;4_4&#8243; _builder_version=&#8221;4.16&#8243; _module_preset=&#8221;default&#8221; global_colors_info=&#8221;{}&#8221;][et_pb_text _builder_version=&#8221;4.27.0&#8243; _module_preset=&#8221;default&#8221; text_text_color=&#8221;#ffffff&#8221; text_font_size=&#8221;18px&#8221; header_font=&#8221;|700|||||||&#8221; header_text_color=&#8221;#ffffff&#8221; header_font_size=&#8221;35px&#8221; header_2_text_color=&#8221;#ffffff&#8221; global_colors_info=&#8221;{}&#8221;]<\/p>\n<h1>Almacene, transmita y acceda de forma segura a datos geoespaciales 3D d\u00f3nde, cu\u00e1ndo y c\u00f3mo los necesite.<\/h1>\n<p>[\/et_pb_text][\/et_pb_column][\/et_pb_row][et_pb_row column_structure=&#8221;1_2,1_2&#8243; _builder_version=&#8221;4.27.0&#8243; _module_preset=&#8221;default&#8221; background_color=&#8221;#ffffff&#8221; custom_padding=&#8221;30px|30px|30px|30px|false|false&#8221; border_radii=&#8221;off|30px|30px|30px|30px&#8221; global_colors_info=&#8221;{}&#8221;][et_pb_column type=&#8221;1_2&#8243; _builder_version=&#8221;4.16&#8243; _module_preset=&#8221;default&#8221; global_colors_info=&#8221;{}&#8221;][et_pb_image src=&#8221;https:\/\/imagenesgeograficas.com\/new\/wp-content\/uploads\/2024\/08\/skyline-04.webp&#8221; title_text=&#8221;skyline-04&#8243; _builder_version=&#8221;4.27.0&#8243; _module_preset=&#8221;default&#8221; global_colors_info=&#8221;{}&#8221;][\/et_pb_image][et_pb_text _builder_version=&#8221;4.27.0&#8243; _module_preset=&#8221;default&#8221; global_colors_info=&#8221;{}&#8221;]<\/p>\n<h2><strong>Servidor SkylineGlobe<\/strong><\/h2>\n<p>La soluci\u00f3n de nube privada SkylineGlobe Server ofrece un conjunto completo de servicios web para publicar, almacenar, administrar y transmitir contenido geoespacial 2D y 3D. Se admiten todos los tipos de capas SIG: malla 3D, im\u00e1genes, elevaci\u00f3n, entidades y nube de puntos. [\/et_pb_text][\/et_pb_column][et_pb_column type=&#8221;1_2&#8243; _builder_version=&#8221;4.16&#8243; _module_preset=&#8221;default&#8221; global_colors_info=&#8221;{}&#8221;][et_pb_image src=&#8221;https:\/\/imagenesgeograficas.com\/new\/wp-content\/uploads\/2024\/08\/skyline-05.webp&#8221; title_text=&#8221;skyline-05&#8243; _builder_version=&#8221;4.27.0&#8243; _module_preset=&#8221;default&#8221; global_colors_info=&#8221;{}&#8221;][\/et_pb_image][et_pb_text _builder_version=&#8221;4.27.0&#8243; _module_preset=&#8221;default&#8221; global_colors_info=&#8221;{}&#8221;]<\/p>\n<h2><strong>Servicios de hospedaje<\/strong><\/h2>\n<p>Basado en SkylineGlobe Server, SkylineCloud Hosting ofrece un servicio totalmente administrado para cargar, almacenar, convertir y transmitir datos espaciales 2D y 3D casi ilimitados. Los datos se mantienen seguros con servidores geoespaciales privados virtuales, autenticaci\u00f3n personalizada y permisos de usuario.[\/et_pb_text][\/et_pb_column][\/et_pb_row][et_pb_row _builder_version=&#8221;4.16&#8243; _module_preset=&#8221;default&#8221; global_colors_info=&#8221;{}&#8221;][et_pb_column type=&#8221;4_4&#8243; _builder_version=&#8221;4.16&#8243; _module_preset=&#8221;default&#8221; global_colors_info=&#8221;{}&#8221;][et_pb_text _builder_version=&#8221;4.27.0&#8243; _module_preset=&#8221;default&#8221; text_text_color=&#8221;#ffffff&#8221; text_font_size=&#8221;18px&#8221; header_font=&#8221;|700|||||||&#8221; header_text_color=&#8221;#ffffff&#8221; header_font_size=&#8221;35px&#8221; header_2_text_color=&#8221;#ffffff&#8221; global_colors_info=&#8221;{}&#8221;]<\/p>\n<h1>Las potentes herramientas de medici\u00f3n, an\u00e1lisis de terreno, l\u00ednea de visi\u00f3n, detecci\u00f3n\/comparaci\u00f3n de cambios y an\u00e1lisis espacial facilitan la extracci\u00f3n de inteligencia vital de sus datos geoespaciales. <\/h1>\n<p>[\/et_pb_text][\/et_pb_column][\/et_pb_row][et_pb_row column_structure=&#8221;1_4,1_4,1_4,1_4&#8243; _builder_version=&#8221;4.27.0&#8243; _module_preset=&#8221;default&#8221; background_color=&#8221;#ffffff&#8221; custom_padding=&#8221;30px|30px|30px|30px|false|false&#8221; border_radii=&#8221;off|30px|30px|30px|30px&#8221; global_colors_info=&#8221;{}&#8221;][et_pb_column type=&#8221;1_4&#8243; _builder_version=&#8221;4.16&#8243; _module_preset=&#8221;default&#8221; global_colors_info=&#8221;{}&#8221;][et_pb_image src=&#8221;https:\/\/imagenesgeograficas.com\/new\/wp-content\/uploads\/2024\/08\/skyline-06.webp&#8221; title_text=&#8221;skyline-06&#8243; _builder_version=&#8221;4.27.0&#8243; _module_preset=&#8221;default&#8221; global_colors_info=&#8221;{}&#8221;][\/et_pb_image][et_pb_text _builder_version=&#8221;4.27.0&#8243; _module_preset=&#8221;default&#8221; global_colors_info=&#8221;{}&#8221;]<\/p>\n<h2><strong>TerraExplorer para escritorio<\/strong><\/h2>\n<p>Un visualizador y creador de SIG 3D de escritorio de \u00faltima generaci\u00f3n que ofrece herramientas potentes y un entorno 3D de alta resoluci\u00f3n en el que ver, consultar, analizar y presentar datos geoespaciales. Se pueden crear visualizaciones 3D incre\u00edblemente realistas superponiendo al terreno capas de datos ilimitadas, modelos 3D, objetos virtuales y m\u00e1s.[\/et_pb_text][\/et_pb_column][et_pb_column type=&#8221;1_4&#8243; _builder_version=&#8221;4.16&#8243; _module_preset=&#8221;default&#8221; global_colors_info=&#8221;{}&#8221;][et_pb_image src=&#8221;https:\/\/imagenesgeograficas.com\/new\/wp-content\/uploads\/2024\/08\/skyline-07.webp&#8221; title_text=&#8221;skyline-07&#8243; _builder_version=&#8221;4.27.0&#8243; _module_preset=&#8221;default&#8221; global_colors_info=&#8221;{}&#8221;][\/et_pb_image][et_pb_text _builder_version=&#8221;4.27.0&#8243; _module_preset=&#8221;default&#8221; global_colors_info=&#8221;{}&#8221;]<\/p>\n<h2><strong>Fusi\u00f3n de TerraExplorer<\/strong><\/h2>\n<p>Visualizador geoespacial 3D basado en la Web que le permite ver y analizar contenido 3D realista y de alta resoluci\u00f3n directamente en su navegador web sin necesidad de descargas ni instalaciones. Las aplicaciones web se pueden adaptar a las necesidades de cualquier cliente.[\/et_pb_text][\/et_pb_column][et_pb_column type=&#8221;1_4&#8243; _builder_version=&#8221;4.16&#8243; _module_preset=&#8221;default&#8221; global_colors_info=&#8221;{}&#8221;][et_pb_image src=&#8221;https:\/\/imagenesgeograficas.com\/new\/wp-content\/uploads\/2024\/08\/skyline-08.png&#8221; title_text=&#8221;skyline-08&#8243; _builder_version=&#8221;4.27.0&#8243; _module_preset=&#8221;default&#8221; global_colors_info=&#8221;{}&#8221;][\/et_pb_image][et_pb_text _builder_version=&#8221;4.27.0&#8243; _module_preset=&#8221;default&#8221; global_colors_info=&#8221;{}&#8221;]<\/p>\n<h2><strong>TerraExplorer M\u00f3vil<\/strong><\/h2>\n<p>TerraExplorer Mobile, una aplicaci\u00f3n m\u00f3vil nativa basada en TerraExplorer, presenta capacidades avanzadas de visualizaci\u00f3n y edici\u00f3n de capas y herramientas de medici\u00f3n y an\u00e1lisis seleccionadas, as\u00ed como opciones de presentaci\u00f3n y publicaci\u00f3n. [\/et_pb_text][\/et_pb_column][et_pb_column type=&#8221;1_4&#8243; _builder_version=&#8221;4.16&#8243; _module_preset=&#8221;default&#8221; global_colors_info=&#8221;{}&#8221;][et_pb_image src=&#8221;https:\/\/imagenesgeograficas.com\/new\/wp-content\/uploads\/2024\/08\/skyline-09.webp&#8221; title_text=&#8221;skyline-09&#8243; _builder_version=&#8221;4.27.0&#8243; _module_preset=&#8221;default&#8221; global_colors_info=&#8221;{}&#8221;][\/et_pb_image][et_pb_text _builder_version=&#8221;4.27.0&#8243; _module_preset=&#8221;default&#8221; global_colors_info=&#8221;{}&#8221;]<\/p>\n<h2><strong>Soluciones de visualizaci\u00f3n avanzada<\/strong><\/h2>\n<p>Al fusionar el poder de la realidad aumentada y virtual con nuestras potentes herramientas de visualizaci\u00f3n, modelado y an\u00e1lisis SIG 3D, Skyline ha creado una experiencia de exploraci\u00f3n geoespacial 3D totalmente inmersiva e intuitiva que fomenta una mejor comprensi\u00f3n y toma de decisiones.[\/et_pb_text][\/et_pb_column][\/et_pb_row][et_pb_row _builder_version=&#8221;4.27.0&#8243; _module_preset=&#8221;default&#8221; global_colors_info=&#8221;{}&#8221;][et_pb_column type=&#8221;4_4&#8243; _builder_version=&#8221;4.27.0&#8243; _module_preset=&#8221;default&#8221; global_colors_info=&#8221;{}&#8221;][et_pb_video src=&#8221;https:\/\/imagenesgeograficas.com\/new\/wp-content\/uploads\/2024\/08\/Diseno-sin-titulo.mp4&#8243; _builder_version=&#8221;4.27.0&#8243; _module_preset=&#8221;default&#8221; global_colors_info=&#8221;{}&#8221;][\/et_pb_video][et_pb_video src=&#8221;https:\/\/imagenesgeograficas.com\/new\/wp-content\/uploads\/2025\/02\/TerraExplorer-Facilities-Security-Skyline-Software-Systems-720p-h264.mp4&#8243; _builder_version=&#8221;4.27.4&#8243; _module_preset=&#8221;default&#8221; hover_enabled=&#8221;0&#8243; global_colors_info=&#8221;{}&#8221; title_text=&#8221;12&#8243; sticky_enabled=&#8221;0&#8243; image_src=&#8221;https:\/\/imagenesgeograficas.com\/new\/wp-content\/uploads\/2024\/09\/12.png&#8221;][\/et_pb_video][\/et_pb_column][\/et_pb_row][\/et_pb_section]<\/p>\n","protected":false},"excerpt":{"rendered":"<p>Skyline SoftCree bases de datos de terreno fotorrealistas y geogr\u00e1ficamente precisas y modelos de malla 3D altamente detallados.Fotomalla Utilizando tecnolog\u00eda innovadora de mapeo 2D y 3D, PhotoMesh genera mallas 3D altamente detalladas, ortofotos, nubes de puntos, modelos de elevaci\u00f3n y m\u00e1s a partir de fotos est\u00e1ndar en una amplia gama de formatos. Constructor de Terra [&hellip;]<\/p>\n","protected":false},"author":1,"featured_media":0,"parent":0,"menu_order":0,"comment_status":"closed","ping_status":"closed","template":"","meta":{"_et_pb_use_builder":"on","_et_pb_old_content":"<!-- wp:divi\/placeholder \/-->","_et_gb_content_width":"","footnotes":""},"class_list":["post-933","page","type-page","status-publish","hentry"],"_links":{"self":[{"href":"https:\/\/imagenesgeograficas.com\/new\/wp-json\/wp\/v2\/pages\/933","targetHints":{"allow":["GET"]}}],"collection":[{"href":"https:\/\/imagenesgeograficas.com\/new\/wp-json\/wp\/v2\/pages"}],"about":[{"href":"https:\/\/imagenesgeograficas.com\/new\/wp-json\/wp\/v2\/types\/page"}],"author":[{"embeddable":true,"href":"https:\/\/imagenesgeograficas.com\/new\/wp-json\/wp\/v2\/users\/1"}],"replies":[{"embeddable":true,"href":"https:\/\/imagenesgeograficas.com\/new\/wp-json\/wp\/v2\/comments?post=933"}],"version-history":[{"count":5,"href":"https:\/\/imagenesgeograficas.com\/new\/wp-json\/wp\/v2\/pages\/933\/revisions"}],"predecessor-version":[{"id":1115,"href":"https:\/\/imagenesgeograficas.com\/new\/wp-json\/wp\/v2\/pages\/933\/revisions\/1115"}],"wp:attachment":[{"href":"https:\/\/imagenesgeograficas.com\/new\/wp-json\/wp\/v2\/media?parent=933"}],"curies":[{"name":"wp","href":"https:\/\/api.w.org\/{rel}","templated":true}]}}