{"id":701,"date":"2024-04-12T16:43:52","date_gmt":"2024-04-12T16:43:52","guid":{"rendered":"https:\/\/imagenesgeograficas.com\/new\/?page_id=701"},"modified":"2024-04-13T15:46:58","modified_gmt":"2024-04-13T15:46:58","slug":"catastro","status":"publish","type":"page","link":"https:\/\/imagenesgeograficas.com\/new\/catastro\/","title":{"rendered":"Catastro"},"content":{"rendered":"<p>[et_pb_section fb_built=&#8221;1&#8243; admin_label=&#8221;section&#8221; _builder_version=&#8221;4.6.6&#8243; background_image=&#8221;https:\/\/imagenesgeograficas.com\/new\/wp-content\/uploads\/2024\/04\/back-catastro-1.jpg&#8221; hover_enabled=&#8221;0&#8243; title_text=&#8221;back-catastro&#8221; sticky_enabled=&#8221;0&#8243; parallax=&#8221;on&#8221; parallax_method=&#8221;off&#8221;][et_pb_row _builder_version=&#8221;4.6.6&#8243; _module_preset=&#8221;default&#8221;][et_pb_column type=&#8221;4_4&#8243; _builder_version=&#8221;4.6.6&#8243; _module_preset=&#8221;default&#8221;][et_pb_text _builder_version=&#8221;4.6.6&#8243; _module_preset=&#8221;default&#8221; header_font=&#8221;|600||on|||||&#8221; header_text_color=&#8221;#ffffff&#8221; header_font_size=&#8221;22px&#8221; header_font_size_tablet=&#8221;&#8221; header_font_size_phone=&#8221;25px&#8221; header_font_size_last_edited=&#8221;on|phone&#8221;]<\/p>\n<h1>CATASTRO<\/h1>\n<p>[\/et_pb_text][et_pb_text _builder_version=&#8221;4.6.6&#8243; _module_preset=&#8221;default&#8221; text_text_color=&#8221;#ffffff&#8221; text_font_size=&#8221;18px&#8221; header_font=&#8221;|700|||||||&#8221; header_text_color=&#8221;#ffffff&#8221; header_font_size=&#8221;55px&#8221; header_2_text_color=&#8221;#ffffff&#8221;]<\/p>\n<h1>Uso de im\u00e1genes de alta resoluci\u00f3n<br \/>\ny creaci\u00f3n de vectores mediante IA<br \/>\npara catastros municipales<\/h1>\n<p>[\/et_pb_text][\/et_pb_column][\/et_pb_row][et_pb_row column_structure=&#8221;1_2,1_2&#8243; use_custom_gutter=&#8221;on&#8221; gutter_width=&#8221;2&#8243; admin_label=&#8221;row&#8221; _builder_version=&#8221;4.6.6&#8243; background_color=&#8221;#ffffff&#8221; background_size=&#8221;initial&#8221; background_position=&#8221;top_left&#8221; background_repeat=&#8221;repeat&#8221; custom_margin=&#8221;30px||||false|false&#8221; custom_padding=&#8221;30px|30px|30px|30px|false|false&#8221; border_radii=&#8221;on|30px|30px|30px|30px&#8221;][et_pb_column type=&#8221;1_2&#8243; _builder_version=&#8221;3.25&#8243; custom_padding=&#8221;|||&#8221; custom_padding__hover=&#8221;|||&#8221;][et_pb_text _builder_version=&#8221;4.6.6&#8243; _module_preset=&#8221;default&#8221; header_font=&#8221;|700|||||||&#8221;]<\/p>\n<p>El mundo est\u00e1 en constante cambio y esto es captado por los sat\u00e9lites de<br \/> observaci\u00f3n de la Tierra de alta resoluci\u00f3n. Sin embargo, los equipos de<br \/> digitalizaci\u00f3n manual tienen dificultades para seguir el ritmo de la afluencia de nuevas im\u00e1genes y cartografiar estos cambios a tiempo.<\/p>\n<p>&nbsp;<\/p>\n<ul>\n<li>Los servicios de extracci\u00f3n de vectores basados en la IA que proporcionamos a los usuarios finales dan acceso a datos geoespaciales que alcanzan la calidad del trabajo manual de un profesional de los SIG.<\/li>\n<li>Nuestra tecnolog\u00eda es capaz de introducir im\u00e1genes geoespaciales sin procesar y obtener los siguientes productos cartogr\u00e1ficos altamente precisos y listos para su uso en miles de km2.<\/li>\n<li>Im\u00e1genes orto mosaico, modelos digitales de superficie (DSM), modelos digitales del terreno (DTM), datos vectoriales 2D atribuidos y datos vectoriales 3D atribuidos<\/li>\n<\/ul>\n<p>[\/et_pb_text][\/et_pb_column][et_pb_column type=&#8221;1_2&#8243; _builder_version=&#8221;3.25&#8243; custom_padding=&#8221;|||&#8221; custom_padding__hover=&#8221;|||&#8221;][et_pb_image src=&#8221;https:\/\/imagenesgeograficas.com\/new\/wp-content\/uploads\/2024\/04\/c-01.jpg&#8221; title_text=&#8221;c-01&#8243; _builder_version=&#8221;4.6.6&#8243; _module_preset=&#8221;default&#8221;][\/et_pb_image][\/et_pb_column][\/et_pb_row][et_pb_row column_structure=&#8221;1_2,1_2&#8243; use_custom_gutter=&#8221;on&#8221; gutter_width=&#8221;2&#8243; admin_label=&#8221;row&#8221; _builder_version=&#8221;4.6.6&#8243; background_color=&#8221;#ffffff&#8221; background_size=&#8221;initial&#8221; background_position=&#8221;top_left&#8221; background_repeat=&#8221;repeat&#8221; custom_margin=&#8221;30px||||false|false&#8221; custom_padding=&#8221;30px|30px|30px|30px|false|false&#8221; border_radii=&#8221;on|30px|30px|30px|30px&#8221;][et_pb_column type=&#8221;1_2&#8243; _builder_version=&#8221;3.25&#8243; custom_padding=&#8221;|||&#8221; custom_padding__hover=&#8221;|||&#8221;][et_pb_text _builder_version=&#8221;4.6.6&#8243; _module_preset=&#8221;default&#8221; header_font=&#8221;|700|||||||&#8221;]<\/p>\n<h1>Nuestra tecnolog\u00eda b\u00e1sica de IA ofrece los mismos resultados que los profesionales de SIG\/CAD, pero a escala nacional.<\/h1>\n<p>Un sistema cartogr\u00e1fico distribuido, altamente escalable y preciso:<br \/> Nuestras capacidades de la \u00faltima d\u00e9cada se han desarrollado combinando los mejores expertos en geom\u00e1tica doctorados con los mejores investigadores y profesionales de IA que han trabajado para empresas de renombre y las<br \/> mejores universidades.<\/p>\n<p>[\/et_pb_text][\/et_pb_column][et_pb_column type=&#8221;1_2&#8243; _builder_version=&#8221;3.25&#8243; custom_padding=&#8221;|||&#8221; custom_padding__hover=&#8221;|||&#8221;][et_pb_image src=&#8221;https:\/\/imagenesgeograficas.com\/new\/wp-content\/uploads\/2024\/04\/c-03.jpg&#8221; title_text=&#8221;c-03&#8243; _builder_version=&#8221;4.6.6&#8243; _module_preset=&#8221;default&#8221;][\/et_pb_image][\/et_pb_column][\/et_pb_row][et_pb_row column_structure=&#8221;1_2,1_2&#8243; use_custom_gutter=&#8221;on&#8221; gutter_width=&#8221;2&#8243; admin_label=&#8221;row&#8221; _builder_version=&#8221;4.6.6&#8243; background_color=&#8221;#ffffff&#8221; background_size=&#8221;initial&#8221; background_position=&#8221;top_left&#8221; background_repeat=&#8221;repeat&#8221; custom_margin=&#8221;30px||||false|false&#8221; custom_padding=&#8221;30px|30px|30px|30px|false|false&#8221; border_radii=&#8221;on|30px|30px|30px|30px&#8221;][et_pb_column type=&#8221;1_2&#8243; _builder_version=&#8221;3.25&#8243; custom_padding=&#8221;|||&#8221; custom_padding__hover=&#8221;|||&#8221;][et_pb_text _builder_version=&#8221;4.6.6&#8243; _module_preset=&#8221;default&#8221; header_font=&#8221;|700|||||||&#8221;]<\/p>\n<h1>Im\u00e1genes tri stereo<\/h1>\n<p>Para asegurar la m\u00e1xima precisi\u00f3n del proyecto se utilizar\u00e1n im\u00e1genes tri<br \/>\nstereo que garantizan el relevamiento de todos los \u00e1ngulos de las edificaciones del modelo 3D.<\/p>\n<p>Nuestra red neuronal ha sido entrenada para imitar el proceso fotogram\u00e9trico<br \/>\nde creaci\u00f3n de datos de altura.[\/et_pb_text][\/et_pb_column][et_pb_column type=&#8221;1_2&#8243; _builder_version=&#8221;3.25&#8243; custom_padding=&#8221;|||&#8221; custom_padding__hover=&#8221;|||&#8221;][et_pb_image src=&#8221;https:\/\/imagenesgeograficas.com\/new\/wp-content\/uploads\/2024\/04\/c-02.jpg&#8221; title_text=&#8221;c-02&#8243; _builder_version=&#8221;4.6.6&#8243; _module_preset=&#8221;default&#8221;][\/et_pb_image][\/et_pb_column][\/et_pb_row][et_pb_row column_structure=&#8221;1_2,1_2&#8243; use_custom_gutter=&#8221;on&#8221; gutter_width=&#8221;2&#8243; admin_label=&#8221;row&#8221; _builder_version=&#8221;4.6.6&#8243; background_color=&#8221;#ffffff&#8221; background_size=&#8221;initial&#8221; background_position=&#8221;top_left&#8221; background_repeat=&#8221;repeat&#8221; custom_margin=&#8221;30px||||false|false&#8221; custom_padding=&#8221;30px|30px|30px|30px|false|false&#8221; border_radii=&#8221;on|30px|30px|30px|30px&#8221;][et_pb_column type=&#8221;1_2&#8243; _builder_version=&#8221;3.25&#8243; custom_padding=&#8221;|||&#8221; custom_padding__hover=&#8221;|||&#8221;][et_pb_text _builder_version=&#8221;4.6.6&#8243; _module_preset=&#8221;default&#8221; header_font=&#8221;|700|||||||&#8221;]<\/p>\n<h1>Restituci\u00f3n Fotogram\u00e9trica<\/h1>\n<p>Este proceso consiste en la digitalizaci\u00f3n tridimensional de todos los objetos perceptibles en las fotograf\u00edas por medio de modelos tridimensionales (3D).<\/p>\n<p>Como por ejemplo: manzanas, predios construcciones por tipo de techumbre, banquetas, postes, y modelo digital del terreno, entre otros.[\/et_pb_text][\/et_pb_column][et_pb_column type=&#8221;1_2&#8243; _builder_version=&#8221;3.25&#8243; custom_padding=&#8221;|||&#8221; custom_padding__hover=&#8221;|||&#8221;][et_pb_image src=&#8221;https:\/\/imagenesgeograficas.com\/new\/wp-content\/uploads\/2024\/04\/c-04.jpg&#8221; title_text=&#8221;c-04&#8243; _builder_version=&#8221;4.6.6&#8243; _module_preset=&#8221;default&#8221;][\/et_pb_image][\/et_pb_column][\/et_pb_row][et_pb_row column_structure=&#8221;1_2,1_2&#8243; use_custom_gutter=&#8221;on&#8221; gutter_width=&#8221;2&#8243; admin_label=&#8221;row&#8221; _builder_version=&#8221;4.6.6&#8243; background_color=&#8221;#ffffff&#8221; background_size=&#8221;initial&#8221; background_position=&#8221;top_left&#8221; background_repeat=&#8221;repeat&#8221; custom_margin=&#8221;30px||||false|false&#8221; custom_padding=&#8221;30px|30px|30px|30px|false|false&#8221; border_radii=&#8221;on|30px|30px|30px|30px&#8221;][et_pb_column type=&#8221;1_2&#8243; _builder_version=&#8221;3.25&#8243; custom_padding=&#8221;|||&#8221; custom_padding__hover=&#8221;|||&#8221;][et_pb_text _builder_version=&#8221;4.6.6&#8243; _module_preset=&#8221;default&#8221; header_font=&#8221;|700|||||||&#8221;]<\/p>\n<h1>Cubierta terrestre 3D a escala nacional<\/h1>\n<p>Nuestra tecnolog\u00eda extrae capas vectoriales 3D y 2D de alta resoluci\u00f3n a partir de im\u00e1genes de menos de 1 metro en todo el mundo. Las siguientes funciones forman parte de nuestro paquete de productos est\u00e1ndar.[\/et_pb_text][\/et_pb_column][et_pb_column type=&#8221;1_2&#8243; _builder_version=&#8221;3.25&#8243; custom_padding=&#8221;|||&#8221; custom_padding__hover=&#8221;|||&#8221;][et_pb_image src=&#8221;https:\/\/imagenesgeograficas.com\/new\/wp-content\/uploads\/2024\/04\/c-05.jpg&#8221; title_text=&#8221;c-05&#8243; _builder_version=&#8221;4.6.6&#8243; _module_preset=&#8221;default&#8221;][\/et_pb_image][\/et_pb_column][\/et_pb_row][et_pb_row column_structure=&#8221;1_2,1_2&#8243; use_custom_gutter=&#8221;on&#8221; gutter_width=&#8221;2&#8243; admin_label=&#8221;row&#8221; _builder_version=&#8221;4.6.6&#8243; background_color=&#8221;#ffffff&#8221; background_size=&#8221;initial&#8221; background_position=&#8221;top_left&#8221; background_repeat=&#8221;repeat&#8221; custom_margin=&#8221;30px||||false|false&#8221; custom_padding=&#8221;30px|30px|30px|30px|false|false&#8221; border_radii=&#8221;on|30px|30px|30px|30px&#8221;][et_pb_column type=&#8221;1_2&#8243; _builder_version=&#8221;3.25&#8243; custom_padding=&#8221;|||&#8221; custom_padding__hover=&#8221;|||&#8221;][et_pb_text _builder_version=&#8221;4.6.6&#8243; _module_preset=&#8221;default&#8221; header_font=&#8221;|700|||||||&#8221;]<\/p>\n<h1>Datos 3D de alta precisi\u00f3n para la evaluaci\u00f3n de propiedades<\/h1>\n<p>Nuestros datos 3D avanzados proporcionan una fuente de informaci\u00f3n estructural para optimizar los flujos de trabajo de evaluaci\u00f3n y respaldar la valoraci\u00f3n masiva.<\/p>\n<p><strong>Evaluaciones justas y equitativas<\/strong><br \/> Datos coherentes para todas las propiedades, lo que se traduce en una evaluaci\u00f3n justa y equitativa.<\/p>\n<p><strong>Mayor eficacia<\/strong><br \/> Datos geolocalizados precisos que permiten a los tasadores localizar f\u00e1cilmente las propiedades, minimizando su tiempo sobre el terreno.<\/p>\n<p><strong>Mejora de la calidad de las valoraciones<\/strong><br \/> Hay que tener en cuenta m\u00e1s factores, como el tama\u00f1o de la terraza, la superficie arbolada o la presencia de una piscina.<\/p>\n<p><strong>Mejora del servicio al usuario<\/strong><br \/> Los datos visuales detallados y accesibles al p\u00fablico mejoran la transparencia.<\/p>\n<p><strong>Datos completos<\/strong><br \/> Detectar propiedades no registradas y atributos de la propiedad como piscinas o cobertizos.<\/p>\n<p>[\/et_pb_text][\/et_pb_column][et_pb_column type=&#8221;1_2&#8243; _builder_version=&#8221;3.25&#8243; custom_padding=&#8221;|||&#8221; custom_padding__hover=&#8221;|||&#8221;][et_pb_gallery gallery_ids=&#8221;820,821,822,823&#8243; fullwidth=&#8221;on&#8221; _builder_version=&#8221;4.6.6&#8243; _module_preset=&#8221;default&#8221; auto=&#8221;on&#8221; auto_speed=&#8221;3000&#8243;][\/et_pb_gallery][\/et_pb_column][\/et_pb_row][et_pb_row column_structure=&#8221;1_2,1_2&#8243; use_custom_gutter=&#8221;on&#8221; gutter_width=&#8221;2&#8243; admin_label=&#8221;row&#8221; _builder_version=&#8221;4.6.6&#8243; background_color=&#8221;#ffffff&#8221; background_size=&#8221;initial&#8221; background_position=&#8221;top_left&#8221; background_repeat=&#8221;repeat&#8221; custom_margin=&#8221;30px||||false|false&#8221; custom_padding=&#8221;30px|30px|30px|30px|false|false&#8221; border_radii=&#8221;on|30px|30px|30px|30px&#8221;][et_pb_column type=&#8221;1_2&#8243; _builder_version=&#8221;3.25&#8243; custom_padding=&#8221;|||&#8221; custom_padding__hover=&#8221;|||&#8221;][et_pb_text _builder_version=&#8221;4.6.6&#8243; _module_preset=&#8221;default&#8221; header_font=&#8221;|700|||||||&#8221;]<\/p>\n<h1>Detecci\u00f3n r\u00e1pida de cambios<\/h1>\n<p>Nuestra detecci\u00f3n r\u00e1pida de cambios proporciona al tasador toda la informaci\u00f3n que necesita para mantenerse al d\u00eda de la normativa sobre inspecci\u00f3n de bienes inmuebles.<\/p>\n<p><strong>Seguimiento de nuevas construcciones<\/strong><br \/> Ver todos los edificios nuevos y asegurarse de que est\u00e1n registrados.<\/p>\n<p><strong>Identificar renovaciones\/ampliaci\u00f3n<\/strong><br \/> Ver todas las renovaciones de edificios y actualizar la informaci\u00f3n de las parcelas.<\/p>\n<p><strong>Control y seguimiento de los permisos<\/strong><br \/> Garantizar la autorizaci\u00f3n de todas las nuevas construcciones\/renovaciones.<\/p>\n<p>[\/et_pb_text][\/et_pb_column][et_pb_column type=&#8221;1_2&#8243; _builder_version=&#8221;3.25&#8243; custom_padding=&#8221;|||&#8221; custom_padding__hover=&#8221;|||&#8221;][et_pb_image src=&#8221;https:\/\/imagenesgeograficas.com\/new\/wp-content\/uploads\/2024\/04\/c-06.jpg&#8221; title_text=&#8221;c-06&#8243; _builder_version=&#8221;4.6.6&#8243; _module_preset=&#8221;default&#8221;][\/et_pb_image][\/et_pb_column][\/et_pb_row][\/et_pb_section]<\/p>\n","protected":false},"excerpt":{"rendered":"<p>CATASTROUso de im\u00e1genes de alta resoluci\u00f3n y creaci\u00f3n de vectores mediante IA para catastros municipalesEl mundo est\u00e1 en constante cambio y esto es captado por los sat\u00e9lites de observaci\u00f3n de la Tierra de alta resoluci\u00f3n. Sin embargo, los equipos de digitalizaci\u00f3n manual tienen dificultades para seguir el ritmo de la afluencia de nuevas im\u00e1genes y [&hellip;]<\/p>\n","protected":false},"author":1,"featured_media":0,"parent":0,"menu_order":0,"comment_status":"closed","ping_status":"closed","template":"","meta":{"_et_pb_use_builder":"on","_et_pb_old_content":"","_et_gb_content_width":"","footnotes":""},"class_list":["post-701","page","type-page","status-publish","hentry"],"_links":{"self":[{"href":"https:\/\/imagenesgeograficas.com\/new\/wp-json\/wp\/v2\/pages\/701","targetHints":{"allow":["GET"]}}],"collection":[{"href":"https:\/\/imagenesgeograficas.com\/new\/wp-json\/wp\/v2\/pages"}],"about":[{"href":"https:\/\/imagenesgeograficas.com\/new\/wp-json\/wp\/v2\/types\/page"}],"author":[{"embeddable":true,"href":"https:\/\/imagenesgeograficas.com\/new\/wp-json\/wp\/v2\/users\/1"}],"replies":[{"embeddable":true,"href":"https:\/\/imagenesgeograficas.com\/new\/wp-json\/wp\/v2\/comments?post=701"}],"version-history":[{"count":7,"href":"https:\/\/imagenesgeograficas.com\/new\/wp-json\/wp\/v2\/pages\/701\/revisions"}],"predecessor-version":[{"id":886,"href":"https:\/\/imagenesgeograficas.com\/new\/wp-json\/wp\/v2\/pages\/701\/revisions\/886"}],"wp:attachment":[{"href":"https:\/\/imagenesgeograficas.com\/new\/wp-json\/wp\/v2\/media?parent=701"}],"curies":[{"name":"wp","href":"https:\/\/api.w.org\/{rel}","templated":true}]}}