{"id":697,"date":"2024-04-12T16:43:04","date_gmt":"2024-04-12T16:43:04","guid":{"rendered":"https:\/\/imagenesgeograficas.com\/new\/?page_id=697"},"modified":"2024-04-13T15:49:00","modified_gmt":"2024-04-13T15:49:00","slug":"sector-minero","status":"publish","type":"page","link":"https:\/\/imagenesgeograficas.com\/new\/sector-minero\/","title":{"rendered":"Miner\u00eda"},"content":{"rendered":"<p>[et_pb_section fb_built=&#8221;1&#8243; admin_label=&#8221;section&#8221; _builder_version=&#8221;4.6.6&#8243; background_image=&#8221;https:\/\/imagenesgeograficas.com\/new\/wp-content\/uploads\/2024\/04\/infogeobg-1.jpg&#8221; hover_enabled=&#8221;0&#8243; parallax=&#8221;on&#8221; parallax_method=&#8221;off&#8221; sticky_enabled=&#8221;0&#8243;][et_pb_row _builder_version=&#8221;4.6.6&#8243; _module_preset=&#8221;default&#8221;][et_pb_column type=&#8221;4_4&#8243; _builder_version=&#8221;4.6.6&#8243; _module_preset=&#8221;default&#8221;][et_pb_text _builder_version=&#8221;4.6.6&#8243; _module_preset=&#8221;default&#8221; header_font=&#8221;|600||on|||||&#8221; header_text_color=&#8221;#ffffff&#8221; header_font_size=&#8221;22px&#8221; header_font_size_tablet=&#8221;&#8221; header_font_size_phone=&#8221;25px&#8221; header_font_size_last_edited=&#8221;on|phone&#8221;]<\/p>\n<h1>MINER\u00cdA<\/h1>\n<p>[\/et_pb_text][et_pb_text _builder_version=&#8221;4.6.6&#8243; _module_preset=&#8221;default&#8221; text_text_color=&#8221;#ffffff&#8221; text_font_size=&#8221;18px&#8221; header_font=&#8221;|700|||||||&#8221; header_text_color=&#8221;#ffffff&#8221; header_font_size=&#8221;55px&#8221; header_2_text_color=&#8221;#ffffff&#8221;]<\/p>\n<h1>Las im\u00e1genes y productos derivados se pueden utilizar en todas las fases del ciclo de vida de la miner\u00eda.<\/h1>\n<p>Dentro de la prospecci\u00f3n, exploraci\u00f3n, extracci\u00f3n de minerales, as\u00ed como en el cierre y recuperaci\u00f3n de minas.[\/et_pb_text][\/et_pb_column][\/et_pb_row][et_pb_row column_structure=&#8221;1_2,1_2&#8243; use_custom_gutter=&#8221;on&#8221; gutter_width=&#8221;2&#8243; admin_label=&#8221;row&#8221; _builder_version=&#8221;4.6.6&#8243; background_color=&#8221;#ffffff&#8221; background_size=&#8221;initial&#8221; background_position=&#8221;top_left&#8221; background_repeat=&#8221;repeat&#8221; custom_margin=&#8221;30px||||false|false&#8221; custom_padding=&#8221;30px|30px|30px|30px|false|false&#8221; border_radii=&#8221;on|30px|30px|30px|30px&#8221;][et_pb_column type=&#8221;1_2&#8243; _builder_version=&#8221;3.25&#8243; custom_padding=&#8221;|||&#8221; custom_padding__hover=&#8221;|||&#8221;][et_pb_text _builder_version=&#8221;4.6.6&#8243; _module_preset=&#8221;default&#8221; header_font=&#8221;|700|||||||&#8221;]<\/p>\n<h1>Im\u00e1genes satelitales<\/h1>\n<p>Con el crecimiento de nuestras capacidades espectrales, las organizaciones mineras pueden beneficiarse al aprovechar la identificaci\u00f3n de minerales y las mediciones qu\u00edmicas \u00fanicas. Los sat\u00e9lites de observaci\u00f3n terrestre reducen los costos y aumentan la eficiencia en la exploraci\u00f3n y el monitoreo en sitio. Ofrecemos im\u00e1genes multiespectrales y SAR (radar de apertura sint\u00e9tica).[\/et_pb_text][\/et_pb_column][et_pb_column type=&#8221;1_2&#8243; _builder_version=&#8221;3.25&#8243; custom_padding=&#8221;|||&#8221; custom_padding__hover=&#8221;|||&#8221;][et_pb_image src=&#8221;https:\/\/imagenesgeograficas.com\/new\/wp-content\/uploads\/2024\/04\/m-01.jpg&#8221; title_text=&#8221;m-01&#8243; _builder_version=&#8221;4.6.6&#8243; _module_preset=&#8221;default&#8221;][\/et_pb_image][\/et_pb_column][\/et_pb_row][et_pb_row column_structure=&#8221;1_2,1_2&#8243; use_custom_gutter=&#8221;on&#8221; gutter_width=&#8221;2&#8243; admin_label=&#8221;row&#8221; _builder_version=&#8221;4.6.6&#8243; background_color=&#8221;#ffffff&#8221; background_size=&#8221;initial&#8221; background_position=&#8221;top_left&#8221; background_repeat=&#8221;repeat&#8221; custom_margin=&#8221;30px||||false|false&#8221; custom_padding=&#8221;30px|30px|30px|30px|false|false&#8221; border_radii=&#8221;on|30px|30px|30px|30px&#8221;][et_pb_column type=&#8221;1_2&#8243; _builder_version=&#8221;3.25&#8243; custom_padding=&#8221;|||&#8221; custom_padding__hover=&#8221;|||&#8221;][et_pb_text _builder_version=&#8221;4.6.6&#8243; _module_preset=&#8221;default&#8221; header_font=&#8221;|700|||||||&#8221;]<\/p>\n<h1>Im\u00e1genes estereosc\u00f3picas<\/h1>\n<p>Las im\u00e1genes Stereo (pares est\u00e9reo) est\u00e1n dise\u00f1ados para usuarios con capacidades avanzadas de procesamiento de im\u00e1genes y herramientas fotogram\u00e9tricas.<\/p>\n<p>Este producto es ideal para aplicaciones de generaci\u00f3n de modelos de elevaci\u00f3n digital (DEM), visualizaci\u00f3n 3D y extracci\u00f3n de caracter\u00edsticas.<br \/>\nLas im\u00e1genes est\u00e9reo se recopilan in track es decir, en la misma \u00f3rbita, y se adquieren en \u00e1ngulos \u00f3ptimos para la visualizaci\u00f3n y manipulaci\u00f3n est\u00e9reo.[\/et_pb_text][\/et_pb_column][et_pb_column type=&#8221;1_2&#8243; _builder_version=&#8221;3.25&#8243; custom_padding=&#8221;|||&#8221; custom_padding__hover=&#8221;|||&#8221;][et_pb_image src=&#8221;https:\/\/imagenesgeograficas.com\/new\/wp-content\/uploads\/2024\/04\/m-01.jpg&#8221; title_text=&#8221;m-01&#8243; _builder_version=&#8221;4.6.6&#8243; _module_preset=&#8221;default&#8221;][\/et_pb_image][\/et_pb_column][\/et_pb_row][et_pb_row column_structure=&#8221;1_2,1_2&#8243; use_custom_gutter=&#8221;on&#8221; gutter_width=&#8221;2&#8243; admin_label=&#8221;row&#8221; _builder_version=&#8221;4.6.6&#8243; background_color=&#8221;#ffffff&#8221; background_size=&#8221;initial&#8221; background_position=&#8221;top_left&#8221; background_repeat=&#8221;repeat&#8221; custom_margin=&#8221;30px||||false|false&#8221; custom_padding=&#8221;30px|30px|30px|30px|false|false&#8221; border_radii=&#8221;on|30px|30px|30px|30px&#8221;][et_pb_column type=&#8221;1_2&#8243; _builder_version=&#8221;3.25&#8243; custom_padding=&#8221;|||&#8221; custom_padding__hover=&#8221;|||&#8221;][et_pb_text _builder_version=&#8221;4.6.6&#8243; _module_preset=&#8221;default&#8221; header_font=&#8221;|700|||||||&#8221;]<\/p>\n<h1>Bandas SWIR<\/h1>\n<p>Las bandas espectrales de WorldView 3 permiten una identificaci\u00f3n de minerales y mediciones qu\u00edmicas \u00fanicas. La energ\u00eda de la luz se transfiere a mol\u00e9culas de materia o se refleja lejos de ellas. Seg\u00fan el contenido de minerales, los diferentes materiales absorben longitudes de onda espec\u00edficas de luz y reflejan otras.<\/p>\n<p>Las absorciones electr\u00f3nicas en las longitudes de onda SWIR se pueden utilizar para detectar materiales que contienen grupos ani\u00f3nicos como Al OH, Mg OH, Fe OH, Si OH, carbonatos, amonio y sulfatos, muchos de los cuales son minerales indicadores en la industria de la miner\u00eda. Los afloramientos expuestos son manifestaciones de minerales potenciales o dep\u00f3sitos subterr\u00e1neos.<\/p>\n<p>Mientras que las industrias de geolog\u00eda y miner\u00eda gastan millones de d\u00f3lares para identificar sitios de miner\u00eda potenciales durante su fase de exploraci\u00f3n, los datos SWIR de WorldView 3 pueden reducir costos y aumentar la eficiencia al reducir el \u00e1rea potencial antes de planificar la verificaci\u00f3n de campo.<\/p>\n<p>[\/et_pb_text][\/et_pb_column][et_pb_column type=&#8221;1_2&#8243; _builder_version=&#8221;3.25&#8243; custom_padding=&#8221;|||&#8221; custom_padding__hover=&#8221;|||&#8221;][et_pb_image src=&#8221;https:\/\/imagenesgeograficas.com\/new\/wp-content\/uploads\/2024\/04\/m-02.jpg&#8221; title_text=&#8221;m-02&#8243; _builder_version=&#8221;4.6.6&#8243; _module_preset=&#8221;default&#8221;][\/et_pb_image][\/et_pb_column][\/et_pb_row][et_pb_row column_structure=&#8221;1_2,1_2&#8243; use_custom_gutter=&#8221;on&#8221; gutter_width=&#8221;2&#8243; admin_label=&#8221;row&#8221; _builder_version=&#8221;4.6.6&#8243; background_color=&#8221;#ffffff&#8221; background_size=&#8221;initial&#8221; background_position=&#8221;top_left&#8221; background_repeat=&#8221;repeat&#8221; custom_margin=&#8221;30px||||false|false&#8221; custom_padding=&#8221;30px|30px|30px|30px|false|false&#8221; border_radii=&#8221;on|30px|30px|30px|30px&#8221;][et_pb_column type=&#8221;1_2&#8243; _builder_version=&#8221;3.25&#8243; custom_padding=&#8221;|||&#8221; custom_padding__hover=&#8221;|||&#8221;][et_pb_text _builder_version=&#8221;4.6.6&#8243; _module_preset=&#8221;default&#8221; header_font=&#8221;|700|||||||&#8221;]<\/p>\n<h1>Aplicaciones de im\u00e1genes en el sector minero<\/h1>\n<p>La prospecci\u00f3n (la b\u00fasqueda de recursos y dep\u00f3sitos minerales) puede hacer uso de im\u00e1genes de resoluci\u00f3n media para realizar interpretaci\u00f3n de estructuras geol\u00f3gicas e hidrogeol\u00f3gicas: se pueden utilizar mapas geol\u00f3gicos derivados para evaluar la ubicaci\u00f3n de posibles dep\u00f3sitos minerales.<\/p>\n<p>Durante la fase de extracci\u00f3n de minerales (el desarrollo y extracci\u00f3n de recursos), se pueden usar im\u00e1genes de SAR de repetici\u00f3n para detectar movimientos sutiles del suelo, lo cual es fundamental para proteger la infraestructura y las personas que trabajan dentro de estas operaciones mineras. Adem\u00e1s,\u00a0utilizando im\u00e1genes multiespectrales y de series de tiempo, se pueden examinar los cambios en el uso de la tierra y los impactos ambientales y se pueden implementar medidas de remediaci\u00f3n.<\/p>\n<p>En la fase de exploraci\u00f3n (una vez que se ha identificado que un sitio tiene reservas potenciales), se pueden usar im\u00e1genes de mayor resoluci\u00f3n para evaluar la infraestructura existente en la ubicaci\u00f3n, identificar las ubicaciones potenciales de perforaci\u00f3n, as\u00ed como evaluar la topograf\u00eda dentro de la regi\u00f3n para determinar la miner\u00eda, m\u00e9todos y qu\u00e9 tecnolog\u00eda minera aplicar.<\/p>\n<p>Finalmente, en la fase de cierre \/ recuperaci\u00f3n de la mina (restauraci\u00f3n de la tierra para minimizar los impactos ambientales a largo plazo), una vez m\u00e1s, el monitoreo a largo plazo de la salud de la vegetaci\u00f3n, as\u00ed como el hundimiento del movimiento de la tierra, el levantamiento) se puede lograr utilizando im\u00e1genes satelitales y software de procesamiento[\/et_pb_text][\/et_pb_column][et_pb_column type=&#8221;1_2&#8243; _builder_version=&#8221;3.25&#8243; custom_padding=&#8221;|||&#8221; custom_padding__hover=&#8221;|||&#8221;][et_pb_image src=&#8221;https:\/\/imagenesgeograficas.com\/new\/wp-content\/uploads\/2024\/04\/m-01.jpg&#8221; title_text=&#8221;m-01&#8243; _builder_version=&#8221;4.6.6&#8243; _module_preset=&#8221;default&#8221;][\/et_pb_image][\/et_pb_column][\/et_pb_row][et_pb_row column_structure=&#8221;1_2,1_2&#8243; use_custom_gutter=&#8221;on&#8221; gutter_width=&#8221;2&#8243; admin_label=&#8221;row&#8221; _builder_version=&#8221;4.6.6&#8243; background_color=&#8221;#ffffff&#8221; background_size=&#8221;initial&#8221; background_position=&#8221;top_left&#8221; background_repeat=&#8221;repeat&#8221; custom_margin=&#8221;30px||||false|false&#8221; custom_padding=&#8221;30px|30px|30px|30px|false|false&#8221; border_radii=&#8221;on|30px|30px|30px|30px&#8221;][et_pb_column type=&#8221;1_2&#8243; _builder_version=&#8221;3.25&#8243; custom_padding=&#8221;|||&#8221; custom_padding__hover=&#8221;|||&#8221;][et_pb_text _builder_version=&#8221;4.6.6&#8243; _module_preset=&#8221;default&#8221; header_font=&#8221;|700|||||||&#8221;]<\/p>\n<h1>Procesamiento y an\u00e1lisis de las im\u00e1genes<\/h1>\n<ul>\n<li>Identificaci\u00f3n de zonas de alteraci\u00f3n.<\/li>\n<li>\u00c1lgebra de im\u00e1genes.<\/li>\n<li>Landsat para detecci\u00f3n de \u00f3xidos de fe y arcillas.<\/li>\n<li>ASTER para detecci\u00f3n de tipos de arcillas, \u00f3xidos de fe, s\u00edlice.<\/li>\n<li>\u00cdndice de detecci\u00f3n de fen\u00f3menos.<\/li>\n<li>Tipos de suelos.<\/li>\n<li>Tipos de aguas superficiales.<\/li>\n<li>Litolog\u00eda.<\/li>\n<li>Tipos de alteraciones.<\/li>\n<li>Detecci\u00f3n de lineamientos.<\/li>\n<li>Clasificaci\u00f3n espectral.<\/li>\n<\/ul>\n<p>[\/et_pb_text][\/et_pb_column][et_pb_column type=&#8221;1_2&#8243; _builder_version=&#8221;3.25&#8243; custom_padding=&#8221;|||&#8221; custom_padding__hover=&#8221;|||&#8221;][et_pb_image src=&#8221;https:\/\/imagenesgeograficas.com\/new\/wp-content\/uploads\/2024\/04\/m-07.jpg&#8221; title_text=&#8221;m-07&#8243; _builder_version=&#8221;4.6.6&#8243; _module_preset=&#8221;default&#8221;][\/et_pb_image][\/et_pb_column][\/et_pb_row][et_pb_row column_structure=&#8221;1_2,1_2&#8243; use_custom_gutter=&#8221;on&#8221; gutter_width=&#8221;2&#8243; admin_label=&#8221;row&#8221; _builder_version=&#8221;4.6.6&#8243; background_color=&#8221;#ffffff&#8221; background_size=&#8221;initial&#8221; background_position=&#8221;top_left&#8221; background_repeat=&#8221;repeat&#8221; custom_margin=&#8221;30px||||false|false&#8221; custom_padding=&#8221;30px|30px|30px|30px|false|false&#8221; border_radii=&#8221;on|30px|30px|30px|30px&#8221;][et_pb_column type=&#8221;1_2&#8243; _builder_version=&#8221;3.25&#8243; custom_padding=&#8221;|||&#8221; custom_padding__hover=&#8221;|||&#8221;][et_pb_text _builder_version=&#8221;4.6.6&#8243; _module_preset=&#8221;default&#8221; header_font=&#8221;|700|||||||&#8221;]<\/p>\n<p>Ortorectificaci\u00f3n, mosaico y balanceo de color de im\u00e1genes y generaci\u00f3n de MDE.<br \/> <strong>An\u00e1lisis de alteraciones:<\/strong><\/p>\n<ul>\n<li>Alunita Caolinita Pirofilita. (Alteraci\u00f3n argilica<br \/> Avanzada).<\/li>\n<li>AlOH Caolinita Muscovita Ilita Smectita .<br \/> (Alteraci\u00f3n Arg\u00edlica \/ Filica<\/li>\n<li>Carbonatos Clorita Epidota. (Alteracion Propil\u00edtica)<\/li>\n<li>MgOH Carbonatos. (Alteraci\u00f3n Propil\u00edtica)<\/li>\n<li>\u00d3xidos Ferricos y ferrosos.<\/li>\n<li>Cuarzo.<\/li>\n<li>Sericita Muscovita Ilita Smectita<\/li>\n<li>SiOH Jarosita Sericita<\/li>\n<li>Comp\u00f3sitos Falso Color: 432, 468, 357.<\/li>\n<\/ul>\n<p>[\/et_pb_text][\/et_pb_column][et_pb_column type=&#8221;1_2&#8243; _builder_version=&#8221;3.25&#8243; custom_padding=&#8221;|||&#8221; custom_padding__hover=&#8221;|||&#8221;][et_pb_image src=&#8221;https:\/\/imagenesgeograficas.com\/new\/wp-content\/uploads\/2024\/04\/m-07.jpg&#8221; title_text=&#8221;m-07&#8243; _builder_version=&#8221;4.6.6&#8243; _module_preset=&#8221;default&#8221;][\/et_pb_image][\/et_pb_column][\/et_pb_row][et_pb_row column_structure=&#8221;1_2,1_2&#8243; use_custom_gutter=&#8221;on&#8221; gutter_width=&#8221;2&#8243; admin_label=&#8221;row&#8221; _builder_version=&#8221;4.6.6&#8243; background_color=&#8221;#ffffff&#8221; background_size=&#8221;initial&#8221; background_position=&#8221;top_left&#8221; background_repeat=&#8221;repeat&#8221; custom_margin=&#8221;30px||||false|false&#8221; custom_padding=&#8221;30px|30px|30px|30px|false|false&#8221; border_radii=&#8221;on|30px|30px|30px|30px&#8221;][et_pb_column type=&#8221;1_2&#8243; _builder_version=&#8221;3.25&#8243; custom_padding=&#8221;|||&#8221; custom_padding__hover=&#8221;|||&#8221;][et_pb_text _builder_version=&#8221;4.6.6&#8243; _module_preset=&#8221;default&#8221; header_font=&#8221;|700|||||||&#8221;]<\/p>\n<h1>Modelos Digitales de Elevaci\u00f3n<\/h1>\n<p>Un modelo digital de elevaci\u00f3n es una representaci\u00f3n visual y matem\u00e1tica de los valores de altura con respecto al nivel medio del mar, que permite caracterizar las formas del relieve y los elementos u objetos presentes en el mismo. Los MDE sirven como archivo de base para la explotaci\u00f3n de sus valores altitudinales y para generar infinitos modelos digitales secundarios con los que analizar diversos aspectos de la morfolog\u00eda terrestre.<\/p>\n<p>&nbsp;<\/p>\n<p>Las im\u00e1genes de sat\u00e9lite tradicionales proporcionan informaci\u00f3n valiosa sobre las condiciones del terreno. Pero el mundo es un lugar tridimensional y las<br \/>im\u00e1genes en 2D solo muestran una parte de la imagen. Los modelos de elevaci\u00f3n le permiten medir y analizar su proyecto en 3D para obtener una imagen m\u00e1s completa de las situaciones que son importantes para su organizaci\u00f3n.<\/p>\n<p>[\/et_pb_text][\/et_pb_column][et_pb_column type=&#8221;1_2&#8243; _builder_version=&#8221;3.25&#8243; custom_padding=&#8221;|||&#8221; custom_padding__hover=&#8221;|||&#8221;][et_pb_image src=&#8221;https:\/\/imagenesgeograficas.com\/new\/wp-content\/uploads\/2024\/04\/m-04.jpg&#8221; title_text=&#8221;m-04&#8243; _builder_version=&#8221;4.6.6&#8243; _module_preset=&#8221;default&#8221;][\/et_pb_image][\/et_pb_column][\/et_pb_row][et_pb_row column_structure=&#8221;1_2,1_2&#8243; use_custom_gutter=&#8221;on&#8221; gutter_width=&#8221;2&#8243; admin_label=&#8221;row&#8221; _builder_version=&#8221;4.6.6&#8243; background_color=&#8221;#ffffff&#8221; background_size=&#8221;initial&#8221; background_position=&#8221;top_left&#8221; background_repeat=&#8221;repeat&#8221; custom_margin=&#8221;30px||||false|false&#8221; custom_padding=&#8221;30px|30px|30px|30px|false|false&#8221; border_radii=&#8221;on|30px|30px|30px|30px&#8221;][et_pb_column type=&#8221;1_2&#8243; _builder_version=&#8221;3.25&#8243; custom_padding=&#8221;|||&#8221; custom_padding__hover=&#8221;|||&#8221;][et_pb_text _builder_version=&#8221;4.6.6&#8243; _module_preset=&#8221;default&#8221; header_font=&#8221;|700|||||||&#8221;]<\/p>\n<h1>Modelos Digitales de Elevaci\u00f3n, informaci\u00f3n b\u00e1sica para la miner\u00eda<\/h1>\n<p>Suelen utilizarse en fases muy tempranas de exploraci\u00f3n, su combinaci\u00f3n con im\u00e1genes de sat\u00e9lite de resoluci\u00f3n alta o media permite llevar a cabo an\u00e1lisis estructural, identificar elementos en relaci\u00f3n con hidrolog\u00eda y usos del suelo y realizar una selecci\u00f3n de \u00e1reas para estudios de detalle.[\/et_pb_text][\/et_pb_column][et_pb_column type=&#8221;1_2&#8243; _builder_version=&#8221;3.25&#8243; custom_padding=&#8221;|||&#8221; custom_padding__hover=&#8221;|||&#8221;][et_pb_image src=&#8221;https:\/\/imagenesgeograficas.com\/new\/wp-content\/uploads\/2024\/04\/m-04.jpg&#8221; title_text=&#8221;m-04&#8243; _builder_version=&#8221;4.6.6&#8243; _module_preset=&#8221;default&#8221;][\/et_pb_image][\/et_pb_column][\/et_pb_row][et_pb_row column_structure=&#8221;1_2,1_2&#8243; use_custom_gutter=&#8221;on&#8221; gutter_width=&#8221;2&#8243; admin_label=&#8221;row&#8221; _builder_version=&#8221;4.6.6&#8243; background_color=&#8221;#ffffff&#8221; background_size=&#8221;initial&#8221; background_position=&#8221;top_left&#8221; background_repeat=&#8221;repeat&#8221; custom_margin=&#8221;30px||||false|false&#8221; custom_padding=&#8221;30px|30px|30px|30px|false|false&#8221; border_radii=&#8221;on|30px|30px|30px|30px&#8221;][et_pb_column type=&#8221;1_2&#8243; _builder_version=&#8221;3.25&#8243; custom_padding=&#8221;|||&#8221; custom_padding__hover=&#8221;|||&#8221;][et_pb_text _builder_version=&#8221;4.6.6&#8243; _module_preset=&#8221;default&#8221; header_font=&#8221;|700|||||||&#8221;]<\/p>\n<h1>Modelo digital de superficie WorldDEM &#x2122; Mina de carb\u00f3n Leigh Creek, Australia<\/h1>\n<p>[\/et_pb_text][\/et_pb_column][et_pb_column type=&#8221;1_2&#8243; _builder_version=&#8221;3.25&#8243; custom_padding=&#8221;|||&#8221; custom_padding__hover=&#8221;|||&#8221;][et_pb_image src=&#8221;https:\/\/imagenesgeograficas.com\/new\/wp-content\/uploads\/2024\/04\/m-05.jpg&#8221; title_text=&#8221;m-05&#8243; _builder_version=&#8221;4.6.6&#8243; _module_preset=&#8221;default&#8221;][\/et_pb_image][\/et_pb_column][\/et_pb_row][et_pb_row column_structure=&#8221;1_2,1_2&#8243; use_custom_gutter=&#8221;on&#8221; gutter_width=&#8221;2&#8243; admin_label=&#8221;row&#8221; _builder_version=&#8221;4.6.6&#8243; background_color=&#8221;#ffffff&#8221; background_size=&#8221;initial&#8221; background_position=&#8221;top_left&#8221; background_repeat=&#8221;repeat&#8221; custom_margin=&#8221;30px||||false|false&#8221; custom_padding=&#8221;30px|30px|30px|30px|false|false&#8221; border_radii=&#8221;on|30px|30px|30px|30px&#8221;][et_pb_column type=&#8221;1_2&#8243; _builder_version=&#8221;3.25&#8243; custom_padding=&#8221;|||&#8221; custom_padding__hover=&#8221;|||&#8221;][et_pb_text _builder_version=&#8221;4.6.6&#8243; _module_preset=&#8221;default&#8221; header_font=&#8221;|700|||||||&#8221;]<\/p>\n<h1>MapInfo Discover<\/h1>\n<p>Est\u00e1 dise\u00f1ado especialmente para la industria de la miner\u00eda y la exploraci\u00f3n.<br \/>\nProporciona un conjunto perfecto de herramientas para compilar, visualizar, analizar y mapear datos de geociencias espaciales 2D y 3D. Discover puede utilizarse desde la evaluaci\u00f3n del terreno para la adquisici\u00f3n hasta la perforaci\u00f3n y el modelado de recursos b\u00e1sicos de sus activos minerales.<br \/>\nPara un ge\u00f3logo de exploraci\u00f3n, consultor ambiental o ge\u00f3logo de minas, Discover mejorar\u00e1 su productividad al aprovechar herramientas superiores para completar sus tareas diarias.[\/et_pb_text][\/et_pb_column][et_pb_column type=&#8221;1_2&#8243; _builder_version=&#8221;3.25&#8243; custom_padding=&#8221;|||&#8221; custom_padding__hover=&#8221;|||&#8221;][et_pb_image src=&#8221;https:\/\/imagenesgeograficas.com\/new\/wp-content\/uploads\/2024\/04\/m-06.jpg&#8221; title_text=&#8221;m-06&#8243; _builder_version=&#8221;4.6.6&#8243; _module_preset=&#8221;default&#8221;][\/et_pb_image][\/et_pb_column][\/et_pb_row][\/et_pb_section]<\/p>\n","protected":false},"excerpt":{"rendered":"<p>MINER\u00cdALas im\u00e1genes y productos derivados se pueden utilizar en todas las fases del ciclo de vida de la miner\u00eda. Dentro de la prospecci\u00f3n, exploraci\u00f3n, extracci\u00f3n de minerales, as\u00ed como en el cierre y recuperaci\u00f3n de minas.Im\u00e1genes satelitales Con el crecimiento de nuestras capacidades espectrales, las organizaciones mineras pueden beneficiarse al aprovechar la identificaci\u00f3n de minerales [&hellip;]<\/p>\n","protected":false},"author":1,"featured_media":0,"parent":0,"menu_order":0,"comment_status":"closed","ping_status":"closed","template":"","meta":{"_et_pb_use_builder":"on","_et_pb_old_content":"","_et_gb_content_width":"","footnotes":""},"class_list":["post-697","page","type-page","status-publish","hentry"],"_links":{"self":[{"href":"https:\/\/imagenesgeograficas.com\/new\/wp-json\/wp\/v2\/pages\/697","targetHints":{"allow":["GET"]}}],"collection":[{"href":"https:\/\/imagenesgeograficas.com\/new\/wp-json\/wp\/v2\/pages"}],"about":[{"href":"https:\/\/imagenesgeograficas.com\/new\/wp-json\/wp\/v2\/types\/page"}],"author":[{"embeddable":true,"href":"https:\/\/imagenesgeograficas.com\/new\/wp-json\/wp\/v2\/users\/1"}],"replies":[{"embeddable":true,"href":"https:\/\/imagenesgeograficas.com\/new\/wp-json\/wp\/v2\/comments?post=697"}],"version-history":[{"count":9,"href":"https:\/\/imagenesgeograficas.com\/new\/wp-json\/wp\/v2\/pages\/697\/revisions"}],"predecessor-version":[{"id":891,"href":"https:\/\/imagenesgeograficas.com\/new\/wp-json\/wp\/v2\/pages\/697\/revisions\/891"}],"wp:attachment":[{"href":"https:\/\/imagenesgeograficas.com\/new\/wp-json\/wp\/v2\/media?parent=697"}],"curies":[{"name":"wp","href":"https:\/\/api.w.org\/{rel}","templated":true}]}}